{"id":9146,"date":"2024-09-09T19:33:59","date_gmt":"2025-01-28T14:12:47","guid":{"rendered":"https:\/\/goromenstore.com\/samarreta-maniga-curta-viscosa-hanro\/"},"modified":"2025-01-28T15:12:47","modified_gmt":"2025-01-28T14:12:47","slug":"samarreta-maniga-curta-viscosa-hanro","status":"publish","type":"product","link":"https:\/\/goromenstore.com\/ca\/producte\/samarreta-maniga-curta-viscosa-hanro\/","title":{"rendered":"SAMARRETA M\u00c0NIGA CURTA VISCOSA HANRO"},"content":{"rendered":"<p>Hanro Casuals \u00e9s una col\u00b7lecci\u00f3 de peces elegants imprescindibles. Un grup d&#8217;estils vers\u00e0tils perfectes per relaxar-se, treballar des de casa, viatjar o estar actiu. Infinites opcions que s\u00f3n perfectes per barrejar i combinar i fins i tot per fer servir en capes. La camisa de m\u00e0niga curta est\u00e0 confeccionada amb un teixit de viscosa lleuger i especialment suau.   <\/p>\n","protected":false},"excerpt":{"rendered":"<p>Confeccionat a partir d\u00b4una barreja de viscosa i elast\u00e0.<br \/>\n Suau i fluid<br \/>\n F\u00e0cil cura, extremadament c\u00f2mode.<br \/>\n Escot confeccionat amb canal\u00e9 suau.<\/p>\n","protected":false},"featured_media":8042,"comment_status":"open","ping_status":"closed","template":"","meta":{"_monsterinsights_skip_tracking":false,"_monsterinsights_sitenote_active":false,"_monsterinsights_sitenote_note":"","_monsterinsights_sitenote_category":0},"product_cat":[1477,1483],"product_tag":[],"class_list":{"0":"post-9146","1":"product","2":"type-product","3":"status-publish","4":"has-post-thumbnail","6":"product_brand-hanro","7":"product_cat-pijames-home","8":"product_cat-samarretes-home","10":"first","11":"instock","12":"shipping-taxable","13":"purchasable","14":"product-type-variable"},"aioseo_notices":[],"_links":{"self":[{"href":"https:\/\/goromenstore.com\/ca\/wp-json\/wp\/v2\/product\/9146","targetHints":{"allow":["GET"]}}],"collection":[{"href":"https:\/\/goromenstore.com\/ca\/wp-json\/wp\/v2\/product"}],"about":[{"href":"https:\/\/goromenstore.com\/ca\/wp-json\/wp\/v2\/types\/product"}],"replies":[{"embeddable":true,"href":"https:\/\/goromenstore.com\/ca\/wp-json\/wp\/v2\/comments?post=9146"}],"wp:featuredmedia":[{"embeddable":true,"href":"https:\/\/goromenstore.com\/ca\/wp-json\/wp\/v2\/media\/8042"}],"wp:attachment":[{"href":"https:\/\/goromenstore.com\/ca\/wp-json\/wp\/v2\/media?parent=9146"}],"wp:term":[{"taxonomy":"product_cat","embeddable":true,"href":"https:\/\/goromenstore.com\/ca\/wp-json\/wp\/v2\/product_cat?post=9146"},{"taxonomy":"product_tag","embeddable":true,"href":"https:\/\/goromenstore.com\/ca\/wp-json\/wp\/v2\/product_tag?post=9146"}],"curies":[{"name":"wp","href":"https:\/\/api.w.org\/{rel}","templated":true}]}}