{"id":9126,"date":"2024-10-29T12:55:10","date_gmt":"2025-01-28T14:12:35","guid":{"rendered":"https:\/\/goromenstore.com\/pijama-modal-comfort-hom\/"},"modified":"2025-01-28T15:12:35","modified_gmt":"2025-01-28T14:12:35","slug":"pijama-modal-comfort-hom","status":"publish","type":"product","link":"https:\/\/goromenstore.com\/ca\/producte\/pijama-modal-comfort-hom\/","title":{"rendered":"PIJAMA MODAL COMFORT HOM"},"content":{"rendered":"<p>El teixit del pijama MODAL COMFORT \u00e9s una nova combinaci\u00f3 t\u00e8xtil amb cot\u00f3 (50%) i modal (50%). Materials que aporten el millor benestar amb una elasticitat i flu\u00efdesa ideals, una perfecta suavitat al tacte i una excel\u00b7lent regulaci\u00f3 t\u00e8rmica del cos. Aquest conjunt produeix tamb\u00e9 un teixit molt absorbent i molt transpirable. Aquest conjunt de dues peces \u00e9s ideal per abrigar-se o dormir a la tardor o hivern. \u00c9s adequat per a tot tipus de cos mascul\u00ed.    <\/p>\n","protected":false},"excerpt":{"rendered":"<p>El model de pijama d&#8217;home MODAL COMFORT \u00e9s un conjunt llarg fet de teixit de cot\u00f3 i modal. Disseny i colors suaus, material extra suau i confortable.  <\/p>\n","protected":false},"featured_media":8313,"comment_status":"open","ping_status":"closed","template":"","meta":{"_monsterinsights_skip_tracking":false,"_monsterinsights_sitenote_active":false,"_monsterinsights_sitenote_note":"","_monsterinsights_sitenote_category":0},"product_cat":[1477],"product_tag":[],"class_list":{"0":"post-9126","1":"product","2":"type-product","3":"status-publish","4":"has-post-thumbnail","6":"product_brand-hom","7":"product_cat-pijames-home","9":"first","10":"instock","11":"shipping-taxable","12":"purchasable","13":"product-type-variable"},"aioseo_notices":[],"_links":{"self":[{"href":"https:\/\/goromenstore.com\/ca\/wp-json\/wp\/v2\/product\/9126","targetHints":{"allow":["GET"]}}],"collection":[{"href":"https:\/\/goromenstore.com\/ca\/wp-json\/wp\/v2\/product"}],"about":[{"href":"https:\/\/goromenstore.com\/ca\/wp-json\/wp\/v2\/types\/product"}],"replies":[{"embeddable":true,"href":"https:\/\/goromenstore.com\/ca\/wp-json\/wp\/v2\/comments?post=9126"}],"wp:featuredmedia":[{"embeddable":true,"href":"https:\/\/goromenstore.com\/ca\/wp-json\/wp\/v2\/media\/8313"}],"wp:attachment":[{"href":"https:\/\/goromenstore.com\/ca\/wp-json\/wp\/v2\/media?parent=9126"}],"wp:term":[{"taxonomy":"product_cat","embeddable":true,"href":"https:\/\/goromenstore.com\/ca\/wp-json\/wp\/v2\/product_cat?post=9126"},{"taxonomy":"product_tag","embeddable":true,"href":"https:\/\/goromenstore.com\/ca\/wp-json\/wp\/v2\/product_tag?post=9126"}],"curies":[{"name":"wp","href":"https:\/\/api.w.org\/{rel}","templated":true}]}}