{"id":9116,"date":"2024-10-29T12:15:34","date_gmt":"2025-01-28T14:12:35","guid":{"rendered":"https:\/\/goromenstore.com\/samarreta-interior-maniga-curta-llana-seda-hanro\/"},"modified":"2025-01-28T15:12:35","modified_gmt":"2025-01-28T14:12:35","slug":"samarreta-interior-maniga-curta-llana-seda-hanro","status":"publish","type":"product","link":"https:\/\/goromenstore.com\/ca\/producte\/samarreta-interior-maniga-curta-llana-seda-hanro\/","title":{"rendered":"SAMARRETA INTERIOR M\u00c0NIGA CURTA LLANA SEDA HANRO"},"content":{"rendered":"<p>Elegant per\u00f2 funcional, la camisa de m\u00e0niga curta de seda i llana HANRO combina les qualitats d&#8217;equilibri de temperatura de la luxosa llana merino amb la suavitat de la seda barrejada, per a\u00efllar tant la calor com el fred. Part de la col\u00b7lecci\u00f3 de seda i llana HANRO, aquesta samarreta per a home va ser dissenyada per usar-se com a roba interior t\u00e8rmica, per\u00f2 \u00e9s prou vers\u00e0til per ser una samarreta esportiva. L&#8217;escot rod\u00f3, els costats sense costures, el llarg m\u00e9s llarg i la vora plana creen un ajustament i una aparen\u00e7a suaus sota la roba.  <\/p>\n","protected":false},"excerpt":{"rendered":"<ul>\n<li>Samarreta de longitud m\u00e9s llarga amb rivet pla per a una combinaci\u00f3 elegant i vers\u00e0til<\/li>\n<li>Roba interior t\u00e8rmica que equilibra la temperatura: dissenyada per a\u00efllar contra la calor i el fred.<\/li>\n<li>Prou vers\u00e0til per utilitzar-se com a roba exterior o esportiva.<\/li>\n<li>El seu perfil fi fa que aquesta pe\u00e7a t\u00e8rmica sigui perfecta per a la roba d\u02bbesqu\u00ed.<\/li>\n<\/ul>\n","protected":false},"featured_media":8370,"comment_status":"open","ping_status":"closed","template":"","meta":{"_monsterinsights_skip_tracking":false,"_monsterinsights_sitenote_active":false,"_monsterinsights_sitenote_note":"","_monsterinsights_sitenote_category":0},"product_cat":[1486],"product_tag":[],"class_list":{"0":"post-9116","1":"product","2":"type-product","3":"status-publish","4":"has-post-thumbnail","6":"product_brand-hanro","7":"product_cat-samarreta-interior-home","9":"first","10":"instock","11":"shipping-taxable","12":"purchasable","13":"product-type-variable"},"aioseo_notices":[],"_links":{"self":[{"href":"https:\/\/goromenstore.com\/ca\/wp-json\/wp\/v2\/product\/9116","targetHints":{"allow":["GET"]}}],"collection":[{"href":"https:\/\/goromenstore.com\/ca\/wp-json\/wp\/v2\/product"}],"about":[{"href":"https:\/\/goromenstore.com\/ca\/wp-json\/wp\/v2\/types\/product"}],"replies":[{"embeddable":true,"href":"https:\/\/goromenstore.com\/ca\/wp-json\/wp\/v2\/comments?post=9116"}],"wp:featuredmedia":[{"embeddable":true,"href":"https:\/\/goromenstore.com\/ca\/wp-json\/wp\/v2\/media\/8370"}],"wp:attachment":[{"href":"https:\/\/goromenstore.com\/ca\/wp-json\/wp\/v2\/media?parent=9116"}],"wp:term":[{"taxonomy":"product_cat","embeddable":true,"href":"https:\/\/goromenstore.com\/ca\/wp-json\/wp\/v2\/product_cat?post=9116"},{"taxonomy":"product_tag","embeddable":true,"href":"https:\/\/goromenstore.com\/ca\/wp-json\/wp\/v2\/product_tag?post=9116"}],"curies":[{"name":"wp","href":"https:\/\/api.w.org\/{rel}","templated":true}]}}