{"id":9114,"date":"2024-10-29T14:23:52","date_gmt":"2025-01-28T14:12:34","guid":{"rendered":"https:\/\/goromenstore.com\/boxer-micro-modal-hom\/"},"modified":"2025-01-28T15:12:34","modified_gmt":"2025-01-28T14:12:34","slug":"boxer-micro-modal-hom","status":"publish","type":"product","link":"https:\/\/goromenstore.com\/ca\/producte\/boxer-micro-modal-hom\/","title":{"rendered":"BOXER MICRO MODAL HOM"},"content":{"rendered":"<p>HOM reinterpreta el top mariner amb la l\u00ednia SIMON. Aquests b\u00f2xers HO1 HOM s\u00f3n uns b\u00f2xers de modal de poli\u00e8ster que es beneficien de l&#8217;Obertura Horizontal n\u00ba 1, espec\u00edfica de la marca, tan pr\u00e0ctica per a esquerrans com per a destres. Equipats amb un suspensori amb una coberta frontal suau, aquests boxers per a home garanteixen comoditat i suport en totes les circumst\u00e0ncies. <\/p>\n","protected":false},"excerpt":{"rendered":"<p>El b\u00f2xer HO1 per a home en modal amb una ratlla fina elegant i moderna. Un b\u00e0sic a ratlles atemporal per al dia a dia.<\/p>\n","protected":false},"featured_media":8414,"comment_status":"open","ping_status":"closed","template":"","meta":{"_monsterinsights_skip_tracking":false,"_monsterinsights_sitenote_active":false,"_monsterinsights_sitenote_note":"","_monsterinsights_sitenote_category":0},"product_cat":[1478,1484],"product_tag":[],"class_list":{"0":"post-9114","1":"product","2":"type-product","3":"status-publish","4":"has-post-thumbnail","6":"product_brand-hom","7":"product_cat-boxer-home","8":"product_cat-roba-interior-home","10":"first","11":"instock","12":"shipping-taxable","13":"purchasable","14":"product-type-variable"},"aioseo_notices":[],"_links":{"self":[{"href":"https:\/\/goromenstore.com\/ca\/wp-json\/wp\/v2\/product\/9114","targetHints":{"allow":["GET"]}}],"collection":[{"href":"https:\/\/goromenstore.com\/ca\/wp-json\/wp\/v2\/product"}],"about":[{"href":"https:\/\/goromenstore.com\/ca\/wp-json\/wp\/v2\/types\/product"}],"replies":[{"embeddable":true,"href":"https:\/\/goromenstore.com\/ca\/wp-json\/wp\/v2\/comments?post=9114"}],"wp:featuredmedia":[{"embeddable":true,"href":"https:\/\/goromenstore.com\/ca\/wp-json\/wp\/v2\/media\/8414"}],"wp:attachment":[{"href":"https:\/\/goromenstore.com\/ca\/wp-json\/wp\/v2\/media?parent=9114"}],"wp:term":[{"taxonomy":"product_cat","embeddable":true,"href":"https:\/\/goromenstore.com\/ca\/wp-json\/wp\/v2\/product_cat?post=9114"},{"taxonomy":"product_tag","embeddable":true,"href":"https:\/\/goromenstore.com\/ca\/wp-json\/wp\/v2\/product_tag?post=9114"}],"curies":[{"name":"wp","href":"https:\/\/api.w.org\/{rel}","templated":true}]}}