{"id":8982,"date":"2021-03-29T14:38:54","date_gmt":"2025-01-27T14:18:00","guid":{"rendered":"https:\/\/goromenstore.com\/hanro-living-shirts\/"},"modified":"2025-01-27T15:18:51","modified_gmt":"2025-01-27T14:18:51","slug":"hanro-living-shirts","status":"publish","type":"product","link":"https:\/\/goromenstore.com\/ca\/producte\/hanro-living-shirts\/","title":{"rendered":"Hanro Living Shirts"},"content":{"rendered":"<p>Adequada per a dies de descans a casa amb un estil esportiu. Roba extraordin\u00e0riament c\u00f2moda, confeccionada 100% cot\u00f3 Hanro, especialment suau.<\/p>\n","protected":false},"excerpt":{"rendered":"<p>Samarreta de m\u00e0niga llarga per a un sofisticat look casual.<\/p>\n","protected":false},"featured_media":1430,"comment_status":"open","ping_status":"closed","template":"","meta":{"_monsterinsights_skip_tracking":false,"_monsterinsights_sitenote_active":false,"_monsterinsights_sitenote_note":"","_monsterinsights_sitenote_category":0},"product_cat":[1470,1483],"product_tag":[1876,1889,1905,1904],"class_list":{"0":"post-8982","1":"product","2":"type-product","3":"status-publish","4":"has-post-thumbnail","6":"product_brand-hanro","7":"product_cat-roba-casual","8":"product_cat-samarretes-home","9":"product_tag-coto","10":"product_tag-hanro-ca","11":"product_tag-maniga-llarga","12":"product_tag-samarreta","14":"first","15":"instock","16":"shipping-taxable","17":"purchasable","18":"product-type-variable"},"aioseo_notices":[],"_links":{"self":[{"href":"https:\/\/goromenstore.com\/ca\/wp-json\/wp\/v2\/product\/8982","targetHints":{"allow":["GET"]}}],"collection":[{"href":"https:\/\/goromenstore.com\/ca\/wp-json\/wp\/v2\/product"}],"about":[{"href":"https:\/\/goromenstore.com\/ca\/wp-json\/wp\/v2\/types\/product"}],"replies":[{"embeddable":true,"href":"https:\/\/goromenstore.com\/ca\/wp-json\/wp\/v2\/comments?post=8982"}],"wp:featuredmedia":[{"embeddable":true,"href":"https:\/\/goromenstore.com\/ca\/wp-json\/wp\/v2\/media\/1430"}],"wp:attachment":[{"href":"https:\/\/goromenstore.com\/ca\/wp-json\/wp\/v2\/media?parent=8982"}],"wp:term":[{"taxonomy":"product_cat","embeddable":true,"href":"https:\/\/goromenstore.com\/ca\/wp-json\/wp\/v2\/product_cat?post=8982"},{"taxonomy":"product_tag","embeddable":true,"href":"https:\/\/goromenstore.com\/ca\/wp-json\/wp\/v2\/product_tag?post=8982"}],"curies":[{"name":"wp","href":"https:\/\/api.w.org\/{rel}","templated":true}]}}