{"id":8949,"date":"2019-05-06T11:44:59","date_gmt":"2025-01-27T14:17:50","guid":{"rendered":"https:\/\/goromenstore.com\/jaqueta-esportiva-en-suau-viscosa-hanro-relax\/"},"modified":"2025-01-27T15:17:57","modified_gmt":"2025-01-27T14:17:57","slug":"jaqueta-esportiva-en-suau-viscosa-hanro-relax","status":"publish","type":"product","link":"https:\/\/goromenstore.com\/ca\/producte\/jaqueta-esportiva-en-suau-viscosa-hanro-relax\/","title":{"rendered":"Jaqueta esportiva en suau viscosa Hanro Relax"},"content":{"rendered":"<p>Relax \u00e9s un estil &#8220;homewear&#8221;, aix\u00ed com un look casual amb estil per a sortides de cap de setmana, de vacances o per a esport de baixa intensitat.  <\/p>\n","protected":false},"excerpt":{"rendered":"<p>Jaqueta esportiva per a home en suau viscosa. Guia de costura lleugerament asim\u00e8trica. Punys als bra\u00e7os, vora i escot de bec. Agafeu molt suau i c\u00f2mode de portar.<\/p>\n","protected":false},"featured_media":8950,"comment_status":"open","ping_status":"closed","template":"","meta":{"_monsterinsights_skip_tracking":false,"_monsterinsights_sitenote_active":false,"_monsterinsights_sitenote_note":"","_monsterinsights_sitenote_category":0},"product_cat":[1403,1462],"product_tag":[],"class_list":{"0":"post-8949","1":"product","2":"type-product","3":"status-publish","4":"has-post-thumbnail","6":"product_cat-homewear-home","7":"product_cat-xandall","9":"first","10":"instock","11":"sale","12":"shipping-taxable","13":"purchasable","14":"product-type-simple"},"aioseo_notices":[],"_links":{"self":[{"href":"https:\/\/goromenstore.com\/ca\/wp-json\/wp\/v2\/product\/8949","targetHints":{"allow":["GET"]}}],"collection":[{"href":"https:\/\/goromenstore.com\/ca\/wp-json\/wp\/v2\/product"}],"about":[{"href":"https:\/\/goromenstore.com\/ca\/wp-json\/wp\/v2\/types\/product"}],"replies":[{"embeddable":true,"href":"https:\/\/goromenstore.com\/ca\/wp-json\/wp\/v2\/comments?post=8949"}],"wp:featuredmedia":[{"embeddable":true,"href":"https:\/\/goromenstore.com\/ca\/wp-json\/wp\/v2\/media\/8950"}],"wp:attachment":[{"href":"https:\/\/goromenstore.com\/ca\/wp-json\/wp\/v2\/media?parent=8949"}],"wp:term":[{"taxonomy":"product_cat","embeddable":true,"href":"https:\/\/goromenstore.com\/ca\/wp-json\/wp\/v2\/product_cat?post=8949"},{"taxonomy":"product_tag","embeddable":true,"href":"https:\/\/goromenstore.com\/ca\/wp-json\/wp\/v2\/product_tag?post=8949"}],"curies":[{"name":"wp","href":"https:\/\/api.w.org\/{rel}","templated":true}]}}