{"id":8945,"date":"2019-05-07T10:43:44","date_gmt":"2025-01-27T14:17:47","guid":{"rendered":"https:\/\/goromenstore.com\/mitjo-curt-home-hom-bio-bambu\/"},"modified":"2025-01-27T15:17:55","modified_gmt":"2025-01-27T14:17:55","slug":"mitjo-curt-home-hom-bio-bambu","status":"publish","type":"product","link":"https:\/\/goromenstore.com\/ca\/producte\/mitjo-curt-home-hom-bio-bambu\/","title":{"rendered":"Mitj\u00f3 curt home HOM bio bamb\u00fa"},"content":{"rendered":"<p>El material de viscosa de bamb\u00fa proporciona una nova sensaci\u00f3 de confort gr\u00e0cies a la seva suavitat i frescor. La viscosa de bamb\u00fa \u00e9s un material sint\u00e8tic obtingut dels brots de bamb\u00fa. D\u00f3na un aspecte sed\u00f3s, t\u00e9 propietats antibacterianes i propietats absorbents, quatre vegades m\u00e9s que el cot\u00f3. El bamb\u00fa \u00e9s un recurs natural que es renova r\u00e0pidament sense qu\u00edmics.<\/p>\n","protected":false},"excerpt":{"rendered":"<p>Els pikis de bamb\u00fa HOM s\u00f3n mitjons curts el\u00e0stics unisex. Les puntes dels peus estan rematades a m\u00e0 per a una comoditat perfecta.<\/p>\n","protected":false},"featured_media":2299,"comment_status":"open","ping_status":"closed","template":"","meta":{"_monsterinsights_skip_tracking":false,"_monsterinsights_sitenote_active":false,"_monsterinsights_sitenote_note":"","_monsterinsights_sitenote_category":0},"product_cat":[1394,1395],"product_tag":[],"class_list":{"0":"post-8945","1":"product","2":"type-product","3":"status-publish","4":"has-post-thumbnail","6":"product_cat-accessoris","7":"product_cat-mitjons","9":"first","10":"outofstock","11":"shipping-taxable","12":"purchasable","13":"product-type-variable"},"aioseo_notices":[],"_links":{"self":[{"href":"https:\/\/goromenstore.com\/ca\/wp-json\/wp\/v2\/product\/8945","targetHints":{"allow":["GET"]}}],"collection":[{"href":"https:\/\/goromenstore.com\/ca\/wp-json\/wp\/v2\/product"}],"about":[{"href":"https:\/\/goromenstore.com\/ca\/wp-json\/wp\/v2\/types\/product"}],"replies":[{"embeddable":true,"href":"https:\/\/goromenstore.com\/ca\/wp-json\/wp\/v2\/comments?post=8945"}],"wp:featuredmedia":[{"embeddable":true,"href":"https:\/\/goromenstore.com\/ca\/wp-json\/wp\/v2\/media\/2299"}],"wp:attachment":[{"href":"https:\/\/goromenstore.com\/ca\/wp-json\/wp\/v2\/media?parent=8945"}],"wp:term":[{"taxonomy":"product_cat","embeddable":true,"href":"https:\/\/goromenstore.com\/ca\/wp-json\/wp\/v2\/product_cat?post=8945"},{"taxonomy":"product_tag","embeddable":true,"href":"https:\/\/goromenstore.com\/ca\/wp-json\/wp\/v2\/product_tag?post=8945"}],"curies":[{"name":"wp","href":"https:\/\/api.w.org\/{rel}","templated":true}]}}