{"id":8942,"date":"2019-05-08T17:36:27","date_gmt":"2025-01-27T14:17:34","guid":{"rendered":"https:\/\/goromenstore.com\/samarreta-home-maniga-curta-molt-lleugera-hom-plumes\/"},"modified":"2025-01-27T15:17:57","modified_gmt":"2025-01-27T14:17:57","slug":"samarreta-home-maniga-curta-molt-lleugera-hom-plumes","status":"publish","type":"product","link":"https:\/\/goromenstore.com\/ca\/producte\/samarreta-home-maniga-curta-molt-lleugera-hom-plumes\/","title":{"rendered":"Samarreta home m\u00e0niga curta molt lleugera HOM Plumes"},"content":{"rendered":"<p>Samarreta llisa de m\u00e0niga curta HOM de coll en V, essencial per a aquells que volen fer servir una samarreta sota la seva camisa sense que aquesta sigui visible. Tall ajustat.  <\/p>\n","protected":false},"excerpt":{"rendered":"<p>Samarreta amb coll en forma de &#8220;V&#8221;. Samarreta de m\u00e0niga curta per a homes feta d&#8217;elast\u00e0 de poliamida, el material de la qual, particularment fi, \u00e9s tan lleuger com una ploma.  <\/p>\n","protected":false},"featured_media":8943,"comment_status":"open","ping_status":"closed","template":"","meta":{"_monsterinsights_skip_tracking":false,"_monsterinsights_sitenote_active":false,"_monsterinsights_sitenote_note":"","_monsterinsights_sitenote_category":0},"product_cat":[1484],"product_tag":[],"class_list":{"0":"post-8942","1":"product","2":"type-product","3":"status-publish","4":"has-post-thumbnail","6":"product_cat-roba-interior-home","8":"first","9":"instock","10":"shipping-taxable","11":"purchasable","12":"product-type-simple"},"aioseo_notices":[],"_links":{"self":[{"href":"https:\/\/goromenstore.com\/ca\/wp-json\/wp\/v2\/product\/8942","targetHints":{"allow":["GET"]}}],"collection":[{"href":"https:\/\/goromenstore.com\/ca\/wp-json\/wp\/v2\/product"}],"about":[{"href":"https:\/\/goromenstore.com\/ca\/wp-json\/wp\/v2\/types\/product"}],"replies":[{"embeddable":true,"href":"https:\/\/goromenstore.com\/ca\/wp-json\/wp\/v2\/comments?post=8942"}],"wp:featuredmedia":[{"embeddable":true,"href":"https:\/\/goromenstore.com\/ca\/wp-json\/wp\/v2\/media\/8943"}],"wp:attachment":[{"href":"https:\/\/goromenstore.com\/ca\/wp-json\/wp\/v2\/media?parent=8942"}],"wp:term":[{"taxonomy":"product_cat","embeddable":true,"href":"https:\/\/goromenstore.com\/ca\/wp-json\/wp\/v2\/product_cat?post=8942"},{"taxonomy":"product_tag","embeddable":true,"href":"https:\/\/goromenstore.com\/ca\/wp-json\/wp\/v2\/product_tag?post=8942"}],"curies":[{"name":"wp","href":"https:\/\/api.w.org\/{rel}","templated":true}]}}