{"id":8928,"date":"2019-10-08T13:37:13","date_gmt":"2025-01-27T14:17:31","guid":{"rendered":"https:\/\/goromenstore.com\/samarreta-maniga-llarga-hanro-casuals\/"},"modified":"2025-01-27T15:17:55","modified_gmt":"2025-01-27T14:17:55","slug":"samarreta-maniga-llarga-hanro-casuals","status":"publish","type":"product","link":"https:\/\/goromenstore.com\/ca\/producte\/samarreta-maniga-llarga-hanro-casuals\/","title":{"rendered":"Samarreta m\u00e0niga llarga Hanro Casuals"},"content":{"rendered":"<h2>Samarreta d&#8217;extrema qualitat suau i fluida<\/h2>\n<p><strong>Samarreta per a home de bec acanalat<\/strong> de la s\u00e8rie Casuals. Qualitat de <strong>compensaci\u00f3 de temperatura<\/strong> , agradable sobre la pell i de f\u00e0cil cura per a una millor comoditat d&#8217;\u00fas. La <strong>qualitat de viscosa el\u00e0stica<\/strong> permet una comoditat ideal per dormir o estar per casa.<\/p>\n","protected":false},"excerpt":{"rendered":"<p><strong>Samarreta d&#8217;home de m\u00e0niga llarga amb coll de bec acanalat<\/strong> de la s\u00e8rie Casuals. Estil vers\u00e0til per dormir i descansar. Disponible en color Caviar.<\/p>\n","protected":false},"featured_media":8929,"comment_status":"open","ping_status":"closed","template":"","meta":{"_monsterinsights_skip_tracking":false,"_monsterinsights_sitenote_active":false,"_monsterinsights_sitenote_note":"","_monsterinsights_sitenote_category":0},"product_cat":[1470,1483],"product_tag":[],"class_list":{"0":"post-8928","1":"product","2":"type-product","3":"status-publish","4":"has-post-thumbnail","6":"product_brand-hanro","7":"product_cat-roba-casual","8":"product_cat-samarretes-home","10":"first","11":"instock","12":"shipping-taxable","13":"purchasable","14":"product-type-variable"},"aioseo_notices":[],"_links":{"self":[{"href":"https:\/\/goromenstore.com\/ca\/wp-json\/wp\/v2\/product\/8928","targetHints":{"allow":["GET"]}}],"collection":[{"href":"https:\/\/goromenstore.com\/ca\/wp-json\/wp\/v2\/product"}],"about":[{"href":"https:\/\/goromenstore.com\/ca\/wp-json\/wp\/v2\/types\/product"}],"replies":[{"embeddable":true,"href":"https:\/\/goromenstore.com\/ca\/wp-json\/wp\/v2\/comments?post=8928"}],"wp:featuredmedia":[{"embeddable":true,"href":"https:\/\/goromenstore.com\/ca\/wp-json\/wp\/v2\/media\/8929"}],"wp:attachment":[{"href":"https:\/\/goromenstore.com\/ca\/wp-json\/wp\/v2\/media?parent=8928"}],"wp:term":[{"taxonomy":"product_cat","embeddable":true,"href":"https:\/\/goromenstore.com\/ca\/wp-json\/wp\/v2\/product_cat?post=8928"},{"taxonomy":"product_tag","embeddable":true,"href":"https:\/\/goromenstore.com\/ca\/wp-json\/wp\/v2\/product_tag?post=8928"}],"curies":[{"name":"wp","href":"https:\/\/api.w.org\/{rel}","templated":true}]}}