{"id":8875,"date":"2019-11-11T12:05:30","date_gmt":"2025-01-27T14:17:22","guid":{"rendered":"https:\/\/goromenstore.com\/slip-classic-de-coto-hanro-cotton-superior\/"},"modified":"2025-01-27T15:17:51","modified_gmt":"2025-01-27T14:17:51","slug":"slip-classic-de-coto-hanro-cotton-superior","status":"publish","type":"product","link":"https:\/\/goromenstore.com\/ca\/producte\/slip-classic-de-coto-hanro-cotton-superior\/","title":{"rendered":"Slip cl\u00e0ssic de cot\u00f3 Hanro Cotton Superior"},"content":{"rendered":"<h2>Simple i elegant<\/h2>\n<p>El slip HANRO Cotton Superior per a home est\u00e0 <strong>fet de cot\u00f3 b\u00e0sic llarg merceritzat egipci amb un contingut de spandex que garanteix un ajustament perfecte.<\/strong> Aquest slip suau i c\u00f2mode presenta una cistella contornejada i una pretina suau i el\u00e0stica per a un <strong>ajustament c\u00f2mode<\/strong> . La pretina de tall alt afavoreix la figura i garanteix que sigui <strong>invisible sota la roba.<\/strong><\/p>\n","protected":false},"excerpt":{"rendered":"<p><strong>Slip cl\u00e0ssic amb cintura alta, afavoridor i c\u00f2mode<\/strong> de la s\u00e8rie Cotton Superior. Barreja de materials de cot\u00f3 i un toc de spandex.<\/p>\n","protected":false},"featured_media":8882,"comment_status":"open","ping_status":"closed","template":"","meta":{"_monsterinsights_skip_tracking":false,"_monsterinsights_sitenote_active":false,"_monsterinsights_sitenote_note":"","_monsterinsights_sitenote_category":0},"product_cat":[1484,1485],"product_tag":[1886,1876,1887,1889,1868],"class_list":{"0":"post-8875","1":"product","2":"type-product","3":"status-publish","4":"has-post-thumbnail","6":"product_brand-hanro","7":"product_cat-roba-interior-home","8":"product_cat-slip-home","9":"product_tag-calcotet","10":"product_tag-coto","11":"product_tag-eslip","12":"product_tag-hanro-ca","13":"product_tag-home","15":"first","16":"instock","17":"shipping-taxable","18":"purchasable","19":"product-type-variable"},"aioseo_notices":[],"_links":{"self":[{"href":"https:\/\/goromenstore.com\/ca\/wp-json\/wp\/v2\/product\/8875","targetHints":{"allow":["GET"]}}],"collection":[{"href":"https:\/\/goromenstore.com\/ca\/wp-json\/wp\/v2\/product"}],"about":[{"href":"https:\/\/goromenstore.com\/ca\/wp-json\/wp\/v2\/types\/product"}],"replies":[{"embeddable":true,"href":"https:\/\/goromenstore.com\/ca\/wp-json\/wp\/v2\/comments?post=8875"}],"wp:featuredmedia":[{"embeddable":true,"href":"https:\/\/goromenstore.com\/ca\/wp-json\/wp\/v2\/media\/8882"}],"wp:attachment":[{"href":"https:\/\/goromenstore.com\/ca\/wp-json\/wp\/v2\/media?parent=8875"}],"wp:term":[{"taxonomy":"product_cat","embeddable":true,"href":"https:\/\/goromenstore.com\/ca\/wp-json\/wp\/v2\/product_cat?post=8875"},{"taxonomy":"product_tag","embeddable":true,"href":"https:\/\/goromenstore.com\/ca\/wp-json\/wp\/v2\/product_tag?post=8875"}],"curies":[{"name":"wp","href":"https:\/\/api.w.org\/{rel}","templated":true}]}}