{"id":8860,"date":"2020-10-15T08:48:57","date_gmt":"2020-10-15T08:48:57","guid":{"rendered":"https:\/\/goromenstore.com\/pijama-camiser-punt-coto-hanro\/"},"modified":"2025-01-27T15:17:49","modified_gmt":"2025-01-27T14:17:49","slug":"pijama-camiser-punt-coto-hanro","status":"publish","type":"product","link":"https:\/\/goromenstore.com\/ca\/producte\/pijama-camiser-punt-coto-hanro\/","title":{"rendered":"PIJAMA CAMISER PUNT COT\u00d3 HANRO"},"content":{"rendered":"<p>Pijama llarg 100% de cot\u00f3. Camisa amb botons i rivets i pantalons llargs. Disponible en gris i blau mar\u00ed.<\/p>\n","protected":false},"excerpt":{"rendered":"<p>Pijama llarg 100% de cot\u00f3 Hanro amb camisa de botons i pantalons llargs.<\/p>\n","protected":false},"featured_media":7624,"comment_status":"open","ping_status":"closed","template":"","meta":{"_monsterinsights_skip_tracking":false,"_monsterinsights_sitenote_active":false,"_monsterinsights_sitenote_note":"","_monsterinsights_sitenote_category":0},"product_cat":[1477],"product_tag":[],"class_list":{"0":"post-8860","1":"product","2":"type-product","3":"status-publish","4":"has-post-thumbnail","6":"product_brand-hanro","7":"product_cat-pijames-home","9":"first","10":"instock","11":"shipping-taxable","12":"purchasable","13":"product-type-variable"},"aioseo_notices":[],"_links":{"self":[{"href":"https:\/\/goromenstore.com\/ca\/wp-json\/wp\/v2\/product\/8860","targetHints":{"allow":["GET"]}}],"collection":[{"href":"https:\/\/goromenstore.com\/ca\/wp-json\/wp\/v2\/product"}],"about":[{"href":"https:\/\/goromenstore.com\/ca\/wp-json\/wp\/v2\/types\/product"}],"replies":[{"embeddable":true,"href":"https:\/\/goromenstore.com\/ca\/wp-json\/wp\/v2\/comments?post=8860"}],"wp:featuredmedia":[{"embeddable":true,"href":"https:\/\/goromenstore.com\/ca\/wp-json\/wp\/v2\/media\/7624"}],"wp:attachment":[{"href":"https:\/\/goromenstore.com\/ca\/wp-json\/wp\/v2\/media?parent=8860"}],"wp:term":[{"taxonomy":"product_cat","embeddable":true,"href":"https:\/\/goromenstore.com\/ca\/wp-json\/wp\/v2\/product_cat?post=8860"},{"taxonomy":"product_tag","embeddable":true,"href":"https:\/\/goromenstore.com\/ca\/wp-json\/wp\/v2\/product_tag?post=8860"}],"curies":[{"name":"wp","href":"https:\/\/api.w.org\/{rel}","templated":true}]}}