{"id":8859,"date":"2020-10-23T12:24:01","date_gmt":"2025-01-27T14:17:19","guid":{"rendered":"https:\/\/goromenstore.com\/boxer-de-roba-hanro\/"},"modified":"2025-01-27T15:17:19","modified_gmt":"2025-01-27T14:17:19","slug":"boxer-de-roba-hanro","status":"publish","type":"product","link":"https:\/\/goromenstore.com\/ca\/producte\/boxer-de-roba-hanro\/","title":{"rendered":"Boxer de roba Hanro"},"content":{"rendered":"<p><span data-sheets-value=\"{\"1\":2,\"2\":\"Boxer de tela de algod\u00f3n con un sutil y elegante estampado de cuadros. Es el cl\u00e1sico pero a la vez actual calzoncillo largo con abertura delantera de un bot\u00f3n. Est\u00e1 disponible en varios colores y estampados. Ideal tanto para llevar debajo de pantalones como para dormir.\"}\" data-sheets-userformat=\"{\"2\":15299,\"3\":{\"1\":0},\"4\":{\"1\":2,\"2\":16043212},\"9\":0,\"10\":1,\"11\":4,\"12\":0,\"14\":{\"1\":2,\"2\":0},\"15\":\"Calibri\",\"16\":11}\" data-sheets-textstyleruns=\"{\"1\":0}\uee10{\"1\":128,\"2\":{\"2\":{\"1\":2,\"2\":16711680}}}\uee10{\"1\":136}\">Boxer de roba de cot\u00f3 amb un subtil i elegant estampat de quadres. \u00c9s el cl\u00e0ssic per\u00f2 alhora cal\u00e7otet llarg amb obertura davantera d&#8217;un bot\u00f3. Est\u00e0 disponible en diversos colors i estampats. Ideal tant per portar sota pantalons com per dormir.<\/span><\/p>\n","protected":false},"excerpt":{"rendered":"<p><span data-sheets-value=\"{\"1\":2,\"2\":\"Boxer de tela Hanro de la colecci\u00f3n Fancy Woven\"}\" data-sheets-userformat=\"{\"2\":15297,\"3\":{\"1\":0},\"9\":0,\"10\":1,\"11\":4,\"12\":0,\"14\":{\"1\":2,\"2\":0},\"15\":\"Calibri\",\"16\":11}\" data-sheets-textstyleruns=\"{\"1\":0}\uee10{\"1\":14,\"2\":{\"5\":1}}\uee10{\"1\":19}\">Boxer de roba Hanro de la col\u00b7lecci\u00f3 Fancy Woven<\/span><\/p>\n","protected":false},"featured_media":3227,"comment_status":"open","ping_status":"closed","template":"","meta":{"_monsterinsights_skip_tracking":false,"_monsterinsights_sitenote_active":false,"_monsterinsights_sitenote_note":"","_monsterinsights_sitenote_category":0},"product_cat":[1478,1484],"product_tag":[],"class_list":{"0":"post-8859","1":"product","2":"type-product","3":"status-publish","4":"has-post-thumbnail","6":"product_brand-hanro","7":"product_cat-boxer-home","8":"product_cat-roba-interior-home","10":"first","11":"instock","12":"shipping-taxable","13":"purchasable","14":"product-type-variable"},"aioseo_notices":[],"_links":{"self":[{"href":"https:\/\/goromenstore.com\/ca\/wp-json\/wp\/v2\/product\/8859","targetHints":{"allow":["GET"]}}],"collection":[{"href":"https:\/\/goromenstore.com\/ca\/wp-json\/wp\/v2\/product"}],"about":[{"href":"https:\/\/goromenstore.com\/ca\/wp-json\/wp\/v2\/types\/product"}],"replies":[{"embeddable":true,"href":"https:\/\/goromenstore.com\/ca\/wp-json\/wp\/v2\/comments?post=8859"}],"wp:featuredmedia":[{"embeddable":true,"href":"https:\/\/goromenstore.com\/ca\/wp-json\/wp\/v2\/media\/3227"}],"wp:attachment":[{"href":"https:\/\/goromenstore.com\/ca\/wp-json\/wp\/v2\/media?parent=8859"}],"wp:term":[{"taxonomy":"product_cat","embeddable":true,"href":"https:\/\/goromenstore.com\/ca\/wp-json\/wp\/v2\/product_cat?post=8859"},{"taxonomy":"product_tag","embeddable":true,"href":"https:\/\/goromenstore.com\/ca\/wp-json\/wp\/v2\/product_tag?post=8859"}],"curies":[{"name":"wp","href":"https:\/\/api.w.org\/{rel}","templated":true}]}}