{"id":8811,"date":"2021-03-30T10:00:05","date_gmt":"2025-01-27T14:17:12","guid":{"rendered":"https:\/\/goromenstore.com\/camisa-maniga-curta-hanro\/"},"modified":"2025-02-25T13:24:50","modified_gmt":"2025-02-25T12:24:50","slug":"camisa-maniga-curta-hanro","status":"publish","type":"product","link":"https:\/\/goromenstore.com\/ca\/producte\/camisa-maniga-curta-hanro\/","title":{"rendered":"Camisa m\u00e0niga curta Hanro"},"content":{"rendered":"<p><span data-sheets-value=\"{\"1\":2,\"2\":\"Camisa de manga corta Night &amp; Day de Hanro. Ideal tanto para salir a la calle en un d\u00eda soleado como para quedarse en casa. Su estampado hawaiano la hace un complemento perfecto para los d\u00edas ed verano. Puede combinarse perfectamente con las camisetas Living de Hanro y el pantal\u00f3n con el mismo estampado.\"}\" data-sheets-userformat=\"{\"2\":15297,\"3\":{\"1\":0},\"9\":0,\"10\":1,\"11\":4,\"12\":0,\"14\":{\"1\":2,\"2\":0},\"15\":\"Calibri\",\"16\":11}\">Camisa de m\u00e0niga curta Night &amp; Day de Hanro. Ideal tant per sortir al carrer en un dia assolellat com per quedar-se a casa. El seu estampat hawai\u00e0 la fa un complement perfecte per als dies de l&#8217;estiu. Es pot combinar perfectament amb les samarretes Living de Hanro i els pantalons amb el mateix estampat.<\/span><\/p>\n","protected":false},"excerpt":{"rendered":"<p><span data-sheets-value=\"{\"1\":2,\"2\":\"Camisa de manga corta de algod\u00f3n y Tencel de estampado hawaiano de Hanro\"}\" data-sheets-userformat=\"{\"2\":15233,\"3\":{\"1\":0},\"10\":1,\"11\":4,\"12\":0,\"14\":{\"1\":2,\"2\":0},\"15\":\"Calibri\",\"16\":11}\" data-sheets-textstyleruns=\"{\"1\":0}\uee10{\"1\":10,\"2\":{\"5\":1}}\uee10{\"1\":21}\uee10{\"1\":56,\"2\":{\"5\":1}}\uee10{\"1\":64}\">Camisa de m\u00e0niga curta de cot\u00f3 i Tencel de estampat hawai\u00e0 de Hanro<\/span><\/p>\n","protected":false},"featured_media":3271,"comment_status":"open","ping_status":"closed","template":"","meta":{"_monsterinsights_skip_tracking":false,"_monsterinsights_sitenote_active":false,"_monsterinsights_sitenote_note":"","_monsterinsights_sitenote_category":0},"product_cat":[1482,1470],"product_tag":[],"class_list":{"0":"post-8811","1":"product","2":"type-product","3":"status-publish","4":"has-post-thumbnail","6":"product_brand-hanro","7":"product_cat-camises-casual","8":"product_cat-roba-casual","10":"first","11":"instock","12":"shipping-taxable","13":"purchasable","14":"product-type-variable"},"aioseo_notices":[],"_links":{"self":[{"href":"https:\/\/goromenstore.com\/ca\/wp-json\/wp\/v2\/product\/8811","targetHints":{"allow":["GET"]}}],"collection":[{"href":"https:\/\/goromenstore.com\/ca\/wp-json\/wp\/v2\/product"}],"about":[{"href":"https:\/\/goromenstore.com\/ca\/wp-json\/wp\/v2\/types\/product"}],"replies":[{"embeddable":true,"href":"https:\/\/goromenstore.com\/ca\/wp-json\/wp\/v2\/comments?post=8811"}],"wp:featuredmedia":[{"embeddable":true,"href":"https:\/\/goromenstore.com\/ca\/wp-json\/wp\/v2\/media\/3271"}],"wp:attachment":[{"href":"https:\/\/goromenstore.com\/ca\/wp-json\/wp\/v2\/media?parent=8811"}],"wp:term":[{"taxonomy":"product_cat","embeddable":true,"href":"https:\/\/goromenstore.com\/ca\/wp-json\/wp\/v2\/product_cat?post=8811"},{"taxonomy":"product_tag","embeddable":true,"href":"https:\/\/goromenstore.com\/ca\/wp-json\/wp\/v2\/product_tag?post=8811"}],"curies":[{"name":"wp","href":"https:\/\/api.w.org\/{rel}","templated":true}]}}