{"id":8805,"date":"2021-04-21T18:01:53","date_gmt":"2025-01-27T14:17:11","guid":{"rendered":"https:\/\/goromenstore.com\/pantalons-curts-de-roba-hanro\/"},"modified":"2025-01-27T15:17:17","modified_gmt":"2025-01-27T14:17:17","slug":"pantalons-curts-de-roba-hanro","status":"publish","type":"product","link":"https:\/\/goromenstore.com\/ca\/producte\/pantalons-curts-de-roba-hanro\/","title":{"rendered":"Pantalons curts de roba Hanro"},"content":{"rendered":"<p><span data-sheets-value=\"{\"1\":2,\"2\":\"Pantal\u00f3n corto de tela de algod\u00f3n de la serie Night &amp; Day de Hanro. Dise\u00f1ado con cuadros cl\u00e1sicos en tonos grises, tiene bolsillos laterales y cord\u00f3n en la cintura el\u00e1stica. Un b\u00e1sico para el lounge y para dormir.\"}\" data-sheets-userformat=\"{\"2\":957,\"3\":{\"1\":0},\"5\":{\"1\":[{\"1\":2,\"2\":0,\"5\":{\"1\":2,\"2\":0}},{\"1\":0,\"2\":0,\"3\":3},{\"1\":1,\"2\":0,\"4\":1}]},\"6\":{\"1\":[{\"1\":2,\"2\":0,\"5\":{\"1\":2,\"2\":0}},{\"1\":0,\"2\":0,\"3\":3},{\"1\":1,\"2\":0,\"4\":1}]},\"7\":{\"1\":[{\"1\":2,\"2\":0,\"5\":{\"1\":2,\"2\":0}},{\"1\":0,\"2\":0,\"3\":3},{\"1\":1,\"2\":0,\"4\":1}]},\"8\":{\"1\":[{\"1\":2,\"2\":0,\"5\":{\"1\":2,\"2\":0}},{\"1\":0,\"2\":0,\"3\":3},{\"1\":1,\"2\":0,\"4\":1}]},\"10\":1,\"11\":4,\"12\":0}\">Pantalons curts de tela de cot\u00f3 de la s\u00e8rie Night &amp; Day de Hanro. Dissenyat amb quadres cl\u00e0ssics en tons grisos, t\u00e9 butxaques laterals i cord\u00f3 a la cintura el\u00e0stica. Un b\u00e0sic per al lounge i per dormir.<\/span><\/p>\n","protected":false},"excerpt":{"rendered":"<p>Pantalons curts de roba Hanro<\/p>\n","protected":false},"featured_media":8321,"comment_status":"open","ping_status":"closed","template":"","meta":{"_monsterinsights_skip_tracking":false,"_monsterinsights_sitenote_active":false,"_monsterinsights_sitenote_note":"","_monsterinsights_sitenote_category":0},"product_cat":[1477],"product_tag":[1876,1889,1899,1897,1901,1869],"class_list":{"0":"post-8805","1":"product","2":"type-product","3":"status-publish","4":"has-post-thumbnail","6":"product_brand-hanro","7":"product_cat-pijames-home","8":"product_tag-coto","9":"product_tag-hanro-ca","10":"product_tag-homewear-ca","11":"product_tag-pantalons","12":"product_tag-pantalons-curts","13":"product_tag-tela-ca","15":"first","16":"instock","17":"shipping-taxable","18":"purchasable","19":"product-type-variable"},"aioseo_notices":[],"_links":{"self":[{"href":"https:\/\/goromenstore.com\/ca\/wp-json\/wp\/v2\/product\/8805","targetHints":{"allow":["GET"]}}],"collection":[{"href":"https:\/\/goromenstore.com\/ca\/wp-json\/wp\/v2\/product"}],"about":[{"href":"https:\/\/goromenstore.com\/ca\/wp-json\/wp\/v2\/types\/product"}],"replies":[{"embeddable":true,"href":"https:\/\/goromenstore.com\/ca\/wp-json\/wp\/v2\/comments?post=8805"}],"wp:featuredmedia":[{"embeddable":true,"href":"https:\/\/goromenstore.com\/ca\/wp-json\/wp\/v2\/media\/8321"}],"wp:attachment":[{"href":"https:\/\/goromenstore.com\/ca\/wp-json\/wp\/v2\/media?parent=8805"}],"wp:term":[{"taxonomy":"product_cat","embeddable":true,"href":"https:\/\/goromenstore.com\/ca\/wp-json\/wp\/v2\/product_cat?post=8805"},{"taxonomy":"product_tag","embeddable":true,"href":"https:\/\/goromenstore.com\/ca\/wp-json\/wp\/v2\/product_tag?post=8805"}],"curies":[{"name":"wp","href":"https:\/\/api.w.org\/{rel}","templated":true}]}}