{"id":8790,"date":"2021-04-22T09:56:41","date_gmt":"2025-01-27T14:17:10","guid":{"rendered":"https:\/\/goromenstore.com\/pack-de-2-boxers-cotton-essentials-hanro\/"},"modified":"2025-01-27T15:17:10","modified_gmt":"2025-01-27T14:17:10","slug":"pack-de-2-boxers-cotton-essentials-hanro","status":"publish","type":"product","link":"https:\/\/goromenstore.com\/ca\/producte\/pack-de-2-boxers-cotton-essentials-hanro\/","title":{"rendered":"Pack de 2 Boxers Cotton Essentials Hanro"},"content":{"rendered":"<p><span data-sheets-value=\"{\"1\":2,\"2\":\"Pack de 2 boxers de algod\u00f3n cortos y ajustados Hanro. De dise\u00f1o sencillo, moderno y deportivo, estos calzoncillos son un b\u00e1sico esencial en tu armario. Quedan ce\u00f1idos al cuerpo, la cartuchera es cerrada y comfortable y la goma el\u00e1stica de la cintura est\u00e1 cubierta. \"}\" data-sheets-userformat=\"{\"2\":15297,\"3\":{\"1\":0},\"9\":0,\"10\":1,\"11\":4,\"12\":0,\"14\":{\"1\":2,\"2\":0},\"15\":\"Calibri\",\"16\":11}\">Pack de 2 boxers de cot\u00f3 curts i ajustats Hanro del mateix color. De disseny senzill, modern i esportiu, aquests cal\u00e7otets s\u00f3n un b\u00e0sic essencial al teu armari. Queden cenyits al cos, la cartutxera \u00e9s tancada i confortable i la goma el\u00e0stica de la cintura est\u00e0 coberta.  <\/span><\/p>\n","protected":false},"excerpt":{"rendered":"<p>Pack de 2 boxers de cot\u00f3 curts i ajustats Hanro del mateix color. De disseny senzill, modern i esportiu, aquests cal\u00e7otets s\u00f3n un b\u00e0sic essencial al teu armari. Queden cenyits al cos, la cartutxera \u00e9s tancada i confortable i la goma el\u00e0stica de la cintura est\u00e0 coberta.<\/p>\n","protected":false},"featured_media":3505,"comment_status":"open","ping_status":"closed","template":"","meta":{"_monsterinsights_skip_tracking":false,"_monsterinsights_sitenote_active":false,"_monsterinsights_sitenote_note":"","_monsterinsights_sitenote_category":0},"product_cat":[1478,1484],"product_tag":[],"class_list":{"0":"post-8790","1":"product","2":"type-product","3":"status-publish","4":"has-post-thumbnail","6":"product_brand-hanro","7":"product_cat-boxer-home","8":"product_cat-roba-interior-home","10":"first","11":"instock","12":"shipping-taxable","13":"purchasable","14":"product-type-variable"},"aioseo_notices":[],"_links":{"self":[{"href":"https:\/\/goromenstore.com\/ca\/wp-json\/wp\/v2\/product\/8790","targetHints":{"allow":["GET"]}}],"collection":[{"href":"https:\/\/goromenstore.com\/ca\/wp-json\/wp\/v2\/product"}],"about":[{"href":"https:\/\/goromenstore.com\/ca\/wp-json\/wp\/v2\/types\/product"}],"replies":[{"embeddable":true,"href":"https:\/\/goromenstore.com\/ca\/wp-json\/wp\/v2\/comments?post=8790"}],"wp:featuredmedia":[{"embeddable":true,"href":"https:\/\/goromenstore.com\/ca\/wp-json\/wp\/v2\/media\/3505"}],"wp:attachment":[{"href":"https:\/\/goromenstore.com\/ca\/wp-json\/wp\/v2\/media?parent=8790"}],"wp:term":[{"taxonomy":"product_cat","embeddable":true,"href":"https:\/\/goromenstore.com\/ca\/wp-json\/wp\/v2\/product_cat?post=8790"},{"taxonomy":"product_tag","embeddable":true,"href":"https:\/\/goromenstore.com\/ca\/wp-json\/wp\/v2\/product_tag?post=8790"}],"curies":[{"name":"wp","href":"https:\/\/api.w.org\/{rel}","templated":true}]}}