{"id":8782,"date":"2021-04-22T06:24:19","date_gmt":"2025-01-27T14:17:09","guid":{"rendered":"https:\/\/goromenstore.com\/pantalons-de-roba-llarg-hanro\/"},"modified":"2025-01-27T15:17:16","modified_gmt":"2025-01-27T14:17:16","slug":"pantalons-de-roba-llarg-hanro","status":"publish","type":"product","link":"https:\/\/goromenstore.com\/ca\/producte\/pantalons-de-roba-llarg-hanro\/","title":{"rendered":"Pantalons de roba llarg Hanro"},"content":{"rendered":"<p><span data-sheets-value=\"{\"1\":2,\"2\":\"Pantal\u00f3n largo de tela de algod\u00f3n de la serie Night &amp; Day de Hanro. Dise\u00f1ado con cuadros cl\u00e1sicos en tonos grises, tiene bolsillos laterales y cord\u00f3n en la cintura el\u00e1stica. Un b\u00e1sico para el lounge y para dormir.\"}\" data-sheets-userformat=\"{\"2\":15297,\"3\":{\"1\":0},\"9\":0,\"10\":1,\"11\":4,\"12\":0,\"14\":{\"1\":2,\"2\":0},\"15\":\"Calibri\",\"16\":11}\" data-sheets-textstyleruns=\"{\"1\":0}\uee10[null,192,{\"6\":1}]\uee10{\"1\":198}\">Pantalons llargs de tela de cot\u00f3 de la s\u00e8rie Night &amp; Day de Hanro. Dissenyat amb quadres cl\u00e0ssics en tons grisos, t\u00e9 butxaques laterals i cord\u00f3 a la cintura el\u00e0stica. Un b\u00e0sic per al lounge i per dormir.<\/span><\/p>\n","protected":false},"excerpt":{"rendered":"<p><span data-sheets-value=\"{\"1\":2,\"2\":\"Pantal\u00f3n largo de tela de algod\u00f3n Hanro Night &amp; Day\"}\" data-sheets-userformat=\"{\"2\":15233,\"3\":{\"1\":0},\"10\":1,\"11\":4,\"12\":0,\"14\":{\"1\":2,\"2\":0},\"15\":\"Calibri\",\"16\":11}\" data-sheets-textstyleruns=\"[null,0,{\"5\":1}]\uee10{\"1\":14}\uee10[null,18,{\"5\":1}]\uee10{\"1\":22}\">Pantalons llargs de roba de cot\u00f3 Hanro Night &amp; Day<\/span><\/p>\n","protected":false},"featured_media":0,"comment_status":"open","ping_status":"closed","template":"","meta":{"_monsterinsights_skip_tracking":false,"_monsterinsights_sitenote_active":false,"_monsterinsights_sitenote_note":"","_monsterinsights_sitenote_category":0},"product_cat":[1403,1479],"product_tag":[1876,1889,1899,1898,1897,1900,1855,1869],"class_list":{"0":"post-8782","1":"product","2":"type-product","3":"status-publish","5":"product_brand-hanro","6":"product_cat-homewear-home","7":"product_cat-pantalons-homewear-home","8":"product_tag-coto","9":"product_tag-hanro-ca","10":"product_tag-homewear-ca","11":"product_tag-llarg","12":"product_tag-pantalons","13":"product_tag-pijama-ca","14":"product_tag-quadres","15":"product_tag-tela-ca","17":"first","18":"instock","19":"shipping-taxable","20":"purchasable","21":"product-type-variable"},"aioseo_notices":[],"_links":{"self":[{"href":"https:\/\/goromenstore.com\/ca\/wp-json\/wp\/v2\/product\/8782","targetHints":{"allow":["GET"]}}],"collection":[{"href":"https:\/\/goromenstore.com\/ca\/wp-json\/wp\/v2\/product"}],"about":[{"href":"https:\/\/goromenstore.com\/ca\/wp-json\/wp\/v2\/types\/product"}],"replies":[{"embeddable":true,"href":"https:\/\/goromenstore.com\/ca\/wp-json\/wp\/v2\/comments?post=8782"}],"wp:attachment":[{"href":"https:\/\/goromenstore.com\/ca\/wp-json\/wp\/v2\/media?parent=8782"}],"wp:term":[{"taxonomy":"product_cat","embeddable":true,"href":"https:\/\/goromenstore.com\/ca\/wp-json\/wp\/v2\/product_cat?post=8782"},{"taxonomy":"product_tag","embeddable":true,"href":"https:\/\/goromenstore.com\/ca\/wp-json\/wp\/v2\/product_tag?post=8782"}],"curies":[{"name":"wp","href":"https:\/\/api.w.org\/{rel}","templated":true}]}}