{"id":8779,"date":"2021-04-22T09:59:21","date_gmt":"2025-01-27T14:17:08","guid":{"rendered":"https:\/\/goromenstore.com\/samarreta-interior-pic-cotton-sporty-hanro\/"},"modified":"2025-01-27T15:17:08","modified_gmt":"2025-01-27T14:17:08","slug":"samarreta-interior-pic-cotton-sporty-hanro","status":"publish","type":"product","link":"https:\/\/goromenstore.com\/ca\/producte\/samarreta-interior-pic-cotton-sporty-hanro\/","title":{"rendered":"Samarreta interior pic Cotton Sporty hanro"},"content":{"rendered":"<p><span data-sheets-value=\"{\"1\":2,\"2\":\"Camiseta cl\u00e1sica de manga corta con moderno cuello en forma de V. Est\u00e1 dise\u00f1ada para no llevarla ajustada al cuerpo y fabricada con algod\u00f3n mercerizado suave y elegante. Es una prenda b\u00e1sica y vers\u00e1til para llevar por dentro o por fuera.\"}\" data-sheets-userformat=\"{\"2\":15297,\"3\":{\"1\":0},\"9\":0,\"10\":1,\"11\":4,\"12\":0,\"14\":{\"1\":2,\"2\":0},\"15\":\"Calibri\",\"16\":11}\">Samarreta cl\u00e0ssica de m\u00e0niga curta amb modern coll en forma de V. Est\u00e0 dissenyada per no portar-la ajustada al cos i fabricada amb cot\u00f3 merceritzat suau i elegant. \u00c9s una pe\u00e7a b\u00e0sica i vers\u00e0til per portar per dins o per fora.<\/span><\/p>\n","protected":false},"excerpt":{"rendered":"<p><span data-sheets-value=\"{\"1\":2,\"2\":\"Camiseta de manga corta y cuello en V Cotton Sporty de Hanro\"}\" data-sheets-userformat=\"{\"2\":15233,\"3\":{\"1\":0},\"10\":1,\"11\":4,\"12\":0,\"14\":{\"1\":2,\"2\":0},\"15\":\"Calibri\",\"16\":11}\" data-sheets-textstyleruns=\"{\"1\":0}\uee10{\"1\":12,\"2\":{\"5\":1}}\uee10{\"1\":38}\">Samarreta de m\u00e0niga curta i coll a V Cotton Sporty de Hanro<\/span><\/p>\n","protected":false},"featured_media":3508,"comment_status":"open","ping_status":"closed","template":"","meta":{"_monsterinsights_skip_tracking":false,"_monsterinsights_sitenote_active":false,"_monsterinsights_sitenote_note":"","_monsterinsights_sitenote_category":0},"product_cat":[1484,1486],"product_tag":[],"class_list":{"0":"post-8779","1":"product","2":"type-product","3":"status-publish","4":"has-post-thumbnail","6":"product_brand-hanro","7":"product_cat-roba-interior-home","8":"product_cat-samarreta-interior-home","10":"first","11":"instock","12":"shipping-taxable","13":"purchasable","14":"product-type-variable"},"aioseo_notices":[],"_links":{"self":[{"href":"https:\/\/goromenstore.com\/ca\/wp-json\/wp\/v2\/product\/8779","targetHints":{"allow":["GET"]}}],"collection":[{"href":"https:\/\/goromenstore.com\/ca\/wp-json\/wp\/v2\/product"}],"about":[{"href":"https:\/\/goromenstore.com\/ca\/wp-json\/wp\/v2\/types\/product"}],"replies":[{"embeddable":true,"href":"https:\/\/goromenstore.com\/ca\/wp-json\/wp\/v2\/comments?post=8779"}],"wp:featuredmedia":[{"embeddable":true,"href":"https:\/\/goromenstore.com\/ca\/wp-json\/wp\/v2\/media\/3508"}],"wp:attachment":[{"href":"https:\/\/goromenstore.com\/ca\/wp-json\/wp\/v2\/media?parent=8779"}],"wp:term":[{"taxonomy":"product_cat","embeddable":true,"href":"https:\/\/goromenstore.com\/ca\/wp-json\/wp\/v2\/product_cat?post=8779"},{"taxonomy":"product_tag","embeddable":true,"href":"https:\/\/goromenstore.com\/ca\/wp-json\/wp\/v2\/product_tag?post=8779"}],"curies":[{"name":"wp","href":"https:\/\/api.w.org\/{rel}","templated":true}]}}