{"id":8766,"date":"2021-04-22T06:57:02","date_gmt":"2025-01-27T14:17:07","guid":{"rendered":"https:\/\/goromenstore.com\/pantalons-llargs-hanro-lounge\/"},"modified":"2025-01-27T15:17:15","modified_gmt":"2025-01-27T14:17:15","slug":"pantalons-llargs-hanro-lounge","status":"publish","type":"product","link":"https:\/\/goromenstore.com\/ca\/producte\/pantalons-llargs-hanro-lounge\/","title":{"rendered":"Pantalons llargs Hanro Lounge"},"content":{"rendered":"<p><span data-sheets-value=\"{\"1\":2,\"2\":\"Pantal\u00f3n largo de chandal de la l\u00ednea Living de Hanro. Confeccionado con algod\u00f3n French Terry y elastane y forrado ligeramente por dentro, proporciona un tacto suave y c\u00f3modo para estar en casa teletrabajando, de relax o para hacer ejercicio. Tiene pr\u00e1cticos bolsillos laterales y goma el\u00e1stica ajustable en la cintura \"}\" data-sheets-userformat=\"{\"2\":15297,\"3\":{\"1\":0},\"9\":0,\"10\":1,\"11\":4,\"12\":0,\"14\":{\"1\":2,\"2\":0},\"15\":\"Calibri\",\"16\":11}\">Pantalons llargs de xandall de la l\u00ednia Living d&#8217;Hanro. Confeccionat amb cot\u00f3 French Terry i elastan i folrat lleugerament per dins, proporciona un tacte suau i c\u00f2mode per estar a casa teletreballant, de relax o per fer exercici. T\u00e9 pr\u00e0ctics butxaques laterals i goma el\u00e0stica ajustable a la cintura  <\/span><\/p>\n","protected":false},"excerpt":{"rendered":"<p><span data-sheets-value=\"{\"1\":2,\"2\":\"Pantal\u00f3n largo de algod\u00f3n tipo chandal Hanro\"}\" data-sheets-userformat=\"{\"2\":15233,\"3\":{\"1\":0},\"10\":1,\"11\":4,\"12\":0,\"14\":{\"1\":2,\"2\":0},\"15\":\"Calibri\",\"16\":11}\" data-sheets-textstyleruns=\"{\"1\":0,\"2\":{\"5\":1}}\uee10{\"1\":14}\uee10{\"1\":39,\"2\":{\"5\":1}}\">Pantalons llargs de cot\u00f3 tipus xandall Hanro<\/span><\/p>\n","protected":false},"featured_media":3450,"comment_status":"open","ping_status":"closed","template":"","meta":{"_monsterinsights_skip_tracking":false,"_monsterinsights_sitenote_active":false,"_monsterinsights_sitenote_note":"","_monsterinsights_sitenote_category":0},"product_cat":[1403,1479,1462],"product_tag":[],"class_list":{"0":"post-8766","1":"product","2":"type-product","3":"status-publish","4":"has-post-thumbnail","6":"product_brand-hanro","7":"product_cat-homewear-home","8":"product_cat-pantalons-homewear-home","9":"product_cat-xandall","11":"first","12":"instock","13":"shipping-taxable","14":"purchasable","15":"product-type-variable"},"aioseo_notices":[],"_links":{"self":[{"href":"https:\/\/goromenstore.com\/ca\/wp-json\/wp\/v2\/product\/8766","targetHints":{"allow":["GET"]}}],"collection":[{"href":"https:\/\/goromenstore.com\/ca\/wp-json\/wp\/v2\/product"}],"about":[{"href":"https:\/\/goromenstore.com\/ca\/wp-json\/wp\/v2\/types\/product"}],"replies":[{"embeddable":true,"href":"https:\/\/goromenstore.com\/ca\/wp-json\/wp\/v2\/comments?post=8766"}],"wp:featuredmedia":[{"embeddable":true,"href":"https:\/\/goromenstore.com\/ca\/wp-json\/wp\/v2\/media\/3450"}],"wp:attachment":[{"href":"https:\/\/goromenstore.com\/ca\/wp-json\/wp\/v2\/media?parent=8766"}],"wp:term":[{"taxonomy":"product_cat","embeddable":true,"href":"https:\/\/goromenstore.com\/ca\/wp-json\/wp\/v2\/product_cat?post=8766"},{"taxonomy":"product_tag","embeddable":true,"href":"https:\/\/goromenstore.com\/ca\/wp-json\/wp\/v2\/product_tag?post=8766"}],"curies":[{"name":"wp","href":"https:\/\/api.w.org\/{rel}","templated":true}]}}