{"id":8751,"date":"2021-04-22T08:18:04","date_gmt":"2025-01-27T14:17:05","guid":{"rendered":"https:\/\/goromenstore.com\/samarreta-de-coto-sense-manigues-cotton-sporty-hanro\/"},"modified":"2025-01-27T15:17:14","modified_gmt":"2025-01-27T14:17:14","slug":"samarreta-de-coto-sense-manigues-cotton-sporty-hanro","status":"publish","type":"product","link":"https:\/\/goromenstore.com\/ca\/producte\/samarreta-de-coto-sense-manigues-cotton-sporty-hanro\/","title":{"rendered":"Samarreta de cot\u00f3 sense m\u00e0nigues Cotton Sporty Hanro"},"content":{"rendered":"<p><span data-sheets-value=\"{\"1\":2,\"2\":\"Camiseta de algod\u00f3n sin mangas de la l\u00ednea Cotton Sporty de Hanro. De estilo cl\u00e1sico y un poco m\u00e1s gruesa de lo normal para los est\u00e1ndares de Hanro, es una prenda imprescindible para hombres que buscan un estilo m\u00e1s tradicional. El tratamiento de mercerizaci\u00f3n del algod\u00f3n le da un tacto de suavidad irrestible.\"}\" data-sheets-userformat=\"{\"2\":15297,\"3\":{\"1\":0},\"9\":0,\"10\":1,\"11\":4,\"12\":0,\"14\":{\"1\":2,\"2\":0},\"15\":\"Calibri\",\"16\":11}\">Samarreta de cot\u00f3 sense m\u00e0nigues de la l\u00ednia Cotton Sporty de Hanro. D&#8217;estil cl\u00e0ssic i una mica m\u00e9s gruixuda del normal per als est\u00e0ndards de Hanro, \u00e9s una pe\u00e7a imprescindible per a homes que busquen un estil m\u00e9s tradicional. El tractament de merceritzaci\u00f3 del cot\u00f3 li d\u00f3na un tacte de suavitat irrestible.<\/span><\/p>\n","protected":false},"excerpt":{"rendered":"<p><span data-sheets-value=\"{\"1\":2,\"2\":\"Camiseta de algod\u00f3n mercerizado sin mangas estilo cl\u00e1sico Hanro\"}\" data-sheets-userformat=\"{\"2\":15233,\"3\":{\"1\":0},\"10\":1,\"11\":4,\"12\":0,\"14\":{\"1\":2,\"2\":0},\"15\":\"Calibri\",\"16\":11}\" data-sheets-textstyleruns=\"{\"1\":0,\"2\":{\"5\":1}}\uee10{\"1\":8}\uee10{\"1\":32,\"2\":{\"5\":1}}\uee10{\"1\":43}\">Samarreta de cot\u00f3 merceritzat sense m\u00e0nigues estil cl\u00e0ssic Hanro<\/span><\/p>\n","protected":false},"featured_media":8755,"comment_status":"open","ping_status":"closed","template":"","meta":{"_monsterinsights_skip_tracking":false,"_monsterinsights_sitenote_active":false,"_monsterinsights_sitenote_note":"","_monsterinsights_sitenote_category":0},"product_cat":[1484,1486],"product_tag":[],"class_list":{"0":"post-8751","1":"product","2":"type-product","3":"status-publish","4":"has-post-thumbnail","6":"product_brand-hanro","7":"product_cat-roba-interior-home","8":"product_cat-samarreta-interior-home","10":"first","11":"instock","12":"shipping-taxable","13":"purchasable","14":"product-type-variable"},"aioseo_notices":[],"_links":{"self":[{"href":"https:\/\/goromenstore.com\/ca\/wp-json\/wp\/v2\/product\/8751","targetHints":{"allow":["GET"]}}],"collection":[{"href":"https:\/\/goromenstore.com\/ca\/wp-json\/wp\/v2\/product"}],"about":[{"href":"https:\/\/goromenstore.com\/ca\/wp-json\/wp\/v2\/types\/product"}],"replies":[{"embeddable":true,"href":"https:\/\/goromenstore.com\/ca\/wp-json\/wp\/v2\/comments?post=8751"}],"wp:featuredmedia":[{"embeddable":true,"href":"https:\/\/goromenstore.com\/ca\/wp-json\/wp\/v2\/media\/8755"}],"wp:attachment":[{"href":"https:\/\/goromenstore.com\/ca\/wp-json\/wp\/v2\/media?parent=8751"}],"wp:term":[{"taxonomy":"product_cat","embeddable":true,"href":"https:\/\/goromenstore.com\/ca\/wp-json\/wp\/v2\/product_cat?post=8751"},{"taxonomy":"product_tag","embeddable":true,"href":"https:\/\/goromenstore.com\/ca\/wp-json\/wp\/v2\/product_tag?post=8751"}],"curies":[{"name":"wp","href":"https:\/\/api.w.org\/{rel}","templated":true}]}}