{"id":8745,"date":"2021-04-23T11:42:19","date_gmt":"2021-04-23T11:42:19","guid":{"rendered":"https:\/\/goromenstore.com\/slip-hanro-cotton-sporty\/"},"modified":"2025-01-27T15:17:03","modified_gmt":"2025-01-27T14:17:03","slug":"slip-hanro-cotton-sporty","status":"publish","type":"product","link":"https:\/\/goromenstore.com\/ca\/producte\/slip-hanro-cotton-sporty\/","title":{"rendered":"Slip Hanro Cotton Sporty"},"content":{"rendered":"<p><span data-sheets-value=\"{\"1\":2,\"2\":\"Calzoncillo slip de estilo cl\u00e1sico bikini de hombre con un corte de piernas alto, sin costuras y una cinta el\u00e1stica delgada y suave. El tacto de su algod\u00f3n mercerizado aporta una gran comodidad para esta prenda b\u00e1sica de la ropa interior masculina. \"}\" data-sheets-userformat=\"{\"2\":957,\"3\":{\"1\":0},\"5\":{\"1\":[{\"1\":2,\"2\":0,\"5\":{\"1\":2,\"2\":0}},{\"1\":0,\"2\":0,\"3\":3},{\"1\":1,\"2\":0,\"4\":1}]},\"6\":{\"1\":[{\"1\":2,\"2\":0,\"5\":{\"1\":2,\"2\":0}},{\"1\":0,\"2\":0,\"3\":3},{\"1\":1,\"2\":0,\"4\":1}]},\"7\":{\"1\":[{\"1\":2,\"2\":0,\"5\":{\"1\":2,\"2\":0}},{\"1\":0,\"2\":0,\"3\":3},{\"1\":1,\"2\":0,\"4\":1}]},\"8\":{\"1\":[{\"1\":2,\"2\":0,\"5\":{\"1\":2,\"2\":0}},{\"1\":0,\"2\":0,\"3\":3},{\"1\":1,\"2\":0,\"4\":1}]},\"10\":1,\"11\":4,\"12\":0}\">Cal\u00e7otet slip d&#8217;estil cl\u00e0ssic biquini d&#8217;home amb un tall de cames alt, sense costures i una cinta el\u00e0stica prima i suau. El tacte del seu cot\u00f3 merceritzat aporta una gran comoditat per a aquesta pe\u00e7a b\u00e0sica de la roba interior masculina.  <\/span><\/p>\n","protected":false},"excerpt":{"rendered":"<p><span data-sheets-value=\"{\"1\":2,\"2\":\"Calzoncillo slip tipo mini brief Hanro\"}\" data-sheets-userformat=\"{\"2\":15233,\"3\":{\"1\":0},\"10\":1,\"11\":4,\"12\":0,\"14\":{\"1\":2,\"2\":0},\"15\":\"Calibri\",\"16\":11}\" data-sheets-textstyleruns=\"{\"1\":0}\uee10{\"1\":12,\"2\":{\"5\":1}}\uee10{\"1\":16}\">Cal\u00e7otet slip tipus mini brief Hanro<\/span><\/p>\n","protected":false},"featured_media":3603,"comment_status":"open","ping_status":"closed","template":"","meta":{"_monsterinsights_skip_tracking":false,"_monsterinsights_sitenote_active":false,"_monsterinsights_sitenote_note":"","_monsterinsights_sitenote_category":0},"product_cat":[1484,1485],"product_tag":[1886,1876,1887,1889],"class_list":{"0":"post-8745","1":"product","2":"type-product","3":"status-publish","4":"has-post-thumbnail","6":"product_brand-hanro","7":"product_cat-roba-interior-home","8":"product_cat-slip-home","9":"product_tag-calcotet","10":"product_tag-coto","11":"product_tag-eslip","12":"product_tag-hanro-ca","14":"first","15":"instock","16":"shipping-taxable","17":"purchasable","18":"product-type-variable"},"aioseo_notices":[],"_links":{"self":[{"href":"https:\/\/goromenstore.com\/ca\/wp-json\/wp\/v2\/product\/8745","targetHints":{"allow":["GET"]}}],"collection":[{"href":"https:\/\/goromenstore.com\/ca\/wp-json\/wp\/v2\/product"}],"about":[{"href":"https:\/\/goromenstore.com\/ca\/wp-json\/wp\/v2\/types\/product"}],"replies":[{"embeddable":true,"href":"https:\/\/goromenstore.com\/ca\/wp-json\/wp\/v2\/comments?post=8745"}],"wp:featuredmedia":[{"embeddable":true,"href":"https:\/\/goromenstore.com\/ca\/wp-json\/wp\/v2\/media\/3603"}],"wp:attachment":[{"href":"https:\/\/goromenstore.com\/ca\/wp-json\/wp\/v2\/media?parent=8745"}],"wp:term":[{"taxonomy":"product_cat","embeddable":true,"href":"https:\/\/goromenstore.com\/ca\/wp-json\/wp\/v2\/product_cat?post=8745"},{"taxonomy":"product_tag","embeddable":true,"href":"https:\/\/goromenstore.com\/ca\/wp-json\/wp\/v2\/product_tag?post=8745"}],"curies":[{"name":"wp","href":"https:\/\/api.w.org\/{rel}","templated":true}]}}