{"id":8743,"date":"2021-04-22T08:22:10","date_gmt":"2025-01-27T14:17:00","guid":{"rendered":"https:\/\/goromenstore.com\/slip-micro-touch\/"},"modified":"2025-01-27T15:17:12","modified_gmt":"2025-01-27T14:17:12","slug":"slip-micro-touch","status":"publish","type":"product","link":"https:\/\/goromenstore.com\/ca\/producte\/slip-micro-touch\/","title":{"rendered":"Slip Micro Touch"},"content":{"rendered":"<p><span data-sheets-value=\"{\"1\":2,\"2\":\"Calzoncillo slip Micro Touch de Hanro. Su dise\u00f1o de microfibra y elast\u00e1n de cintura baja es perfecto para llevar c\u00f3modamente con pantalones de tiro bajo. Un slip elegante, deportivo y para llevar a diario. La goma el\u00e1stica de la cintura es super suave y tiene el logo Hanro bordado discretamente. \"}\" data-sheets-userformat=\"{\"2\":15297,\"3\":{\"1\":0},\"9\":0,\"10\":1,\"11\":4,\"12\":0,\"14\":{\"1\":2,\"2\":0},\"15\":\"Calibri\",\"16\":11}\">Cal\u00e7otet slip Micro Touch d&#8217;Hanro. El seu disseny de microfibra i elast\u00e0 de cintura baixa \u00e9s perfecte per portar c\u00f2modament amb pantalons de tir baix. Un eslip elegant, esportiu i per portar cada dia. La goma el\u00e0stica de la cintura \u00e9s super suau i t\u00e9 el logotip Hanro brodat discretament.  <\/span><\/p>\n","protected":false},"excerpt":{"rendered":"<p><span data-sheets-value=\"{\"1\":2,\"2\":\"Slip de microfibra suave y super el\u00e1stica Hanro\"}\" data-sheets-userformat=\"{\"2\":15233,\"3\":{\"1\":0},\"10\":1,\"11\":4,\"12\":0,\"14\":{\"1\":2,\"2\":0},\"15\":\"Calibri\",\"16\":11}\" data-sheets-textstyleruns=\"{\"1\":0,\"2\":{\"5\":1}}\uee10{\"1\":4}\uee10{\"1\":8,\"2\":{\"5\":1}}\uee10{\"1\":18}\">Slip de microfibra suau i super el\u00e0stica Hanro<\/span><\/p>\n","protected":false},"featured_media":3488,"comment_status":"open","ping_status":"closed","template":"","meta":{"_monsterinsights_skip_tracking":false,"_monsterinsights_sitenote_active":false,"_monsterinsights_sitenote_note":"","_monsterinsights_sitenote_category":0},"product_cat":[1484,1485],"product_tag":[],"class_list":{"0":"post-8743","1":"product","2":"type-product","3":"status-publish","4":"has-post-thumbnail","6":"product_brand-hanro","7":"product_cat-roba-interior-home","8":"product_cat-slip-home","10":"first","11":"instock","12":"shipping-taxable","13":"purchasable","14":"product-type-variable"},"aioseo_notices":[],"_links":{"self":[{"href":"https:\/\/goromenstore.com\/ca\/wp-json\/wp\/v2\/product\/8743","targetHints":{"allow":["GET"]}}],"collection":[{"href":"https:\/\/goromenstore.com\/ca\/wp-json\/wp\/v2\/product"}],"about":[{"href":"https:\/\/goromenstore.com\/ca\/wp-json\/wp\/v2\/types\/product"}],"replies":[{"embeddable":true,"href":"https:\/\/goromenstore.com\/ca\/wp-json\/wp\/v2\/comments?post=8743"}],"wp:featuredmedia":[{"embeddable":true,"href":"https:\/\/goromenstore.com\/ca\/wp-json\/wp\/v2\/media\/3488"}],"wp:attachment":[{"href":"https:\/\/goromenstore.com\/ca\/wp-json\/wp\/v2\/media?parent=8743"}],"wp:term":[{"taxonomy":"product_cat","embeddable":true,"href":"https:\/\/goromenstore.com\/ca\/wp-json\/wp\/v2\/product_cat?post=8743"},{"taxonomy":"product_tag","embeddable":true,"href":"https:\/\/goromenstore.com\/ca\/wp-json\/wp\/v2\/product_tag?post=8743"}],"curies":[{"name":"wp","href":"https:\/\/api.w.org\/{rel}","templated":true}]}}