{"id":8720,"date":"2021-04-26T11:40:48","date_gmt":"2025-01-27T14:16:23","guid":{"rendered":"https:\/\/goromenstore.com\/banyador-slip-hom\/"},"modified":"2025-01-27T15:16:23","modified_gmt":"2025-01-27T14:16:23","slug":"banyador-slip-hom","status":"publish","type":"product","link":"https:\/\/goromenstore.com\/ca\/producte\/banyador-slip-hom\/","title":{"rendered":"Banyador slip HOM"},"content":{"rendered":"<p><span data-sheets-value=\"{\"1\":2,\"2\":\"Ba\u00f1ador de licra tipo slip HOM liso en azul el\u00e9ctrico. Se ajusta perfectamente a la cintura con la goma el\u00e1stica y un cord\u00f3n negro.\"}\" data-sheets-userformat=\"{\"2\":15297,\"3\":{\"1\":0},\"9\":0,\"10\":1,\"11\":4,\"12\":0,\"14\":{\"1\":2,\"2\":0},\"15\":\"Calibri\",\"16\":11}\">Banyador de licra tipus eslip HOM llis disponible en diversos colors. S\u02bbajusta perfectament a la cintura amb la goma el\u00e0stica.<\/span><\/p>\n","protected":false},"excerpt":{"rendered":"<p><span data-sheets-value=\"{\"1\":2,\"2\":\"Ba\u00f1ador de licra tipo slip HOM\"}\" data-sheets-userformat=\"{\"2\":897,\"3\":{\"1\":0},\"10\":1,\"11\":4,\"12\":0}\" data-sheets-textstyleruns=\"{\"1\":0,\"2\":{\"5\":1}}\uee10{\"1\":16}\">Banyador de licra tipus slip HOM<\/span><\/p>\n","protected":false},"featured_media":3769,"comment_status":"open","ping_status":"closed","template":"","meta":{"_monsterinsights_skip_tracking":false,"_monsterinsights_sitenote_active":false,"_monsterinsights_sitenote_note":"","_monsterinsights_sitenote_category":0},"product_cat":[1396,1398],"product_tag":[1895,1887,1457,1868,1896],"class_list":{"0":"post-8720","1":"product","2":"type-product","3":"status-publish","4":"has-post-thumbnail","6":"product_brand-hom","7":"product_cat-banyadors-home","8":"product_cat-banyadors-home-slip","9":"product_tag-banyador","10":"product_tag-eslip","11":"product_tag-hom-ca","12":"product_tag-home","13":"product_tag-lliura","15":"first","16":"instock","17":"sale","18":"shipping-taxable","19":"purchasable","20":"product-type-variable"},"aioseo_notices":[],"_links":{"self":[{"href":"https:\/\/goromenstore.com\/ca\/wp-json\/wp\/v2\/product\/8720","targetHints":{"allow":["GET"]}}],"collection":[{"href":"https:\/\/goromenstore.com\/ca\/wp-json\/wp\/v2\/product"}],"about":[{"href":"https:\/\/goromenstore.com\/ca\/wp-json\/wp\/v2\/types\/product"}],"replies":[{"embeddable":true,"href":"https:\/\/goromenstore.com\/ca\/wp-json\/wp\/v2\/comments?post=8720"}],"wp:featuredmedia":[{"embeddable":true,"href":"https:\/\/goromenstore.com\/ca\/wp-json\/wp\/v2\/media\/3769"}],"wp:attachment":[{"href":"https:\/\/goromenstore.com\/ca\/wp-json\/wp\/v2\/media?parent=8720"}],"wp:term":[{"taxonomy":"product_cat","embeddable":true,"href":"https:\/\/goromenstore.com\/ca\/wp-json\/wp\/v2\/product_cat?post=8720"},{"taxonomy":"product_tag","embeddable":true,"href":"https:\/\/goromenstore.com\/ca\/wp-json\/wp\/v2\/product_tag?post=8720"}],"curies":[{"name":"wp","href":"https:\/\/api.w.org\/{rel}","templated":true}]}}