{"id":8712,"date":"2021-04-24T09:31:36","date_gmt":"2025-01-27T14:16:21","guid":{"rendered":"https:\/\/goromenstore.com\/boxer-llarg-cotton-pure\/"},"modified":"2025-01-27T15:16:21","modified_gmt":"2025-01-27T14:16:21","slug":"boxer-llarg-cotton-pure","status":"publish","type":"product","link":"https:\/\/goromenstore.com\/ca\/producte\/boxer-llarg-cotton-pure\/","title":{"rendered":"Boxer llarg Cotton Pure"},"content":{"rendered":"<p><span data-sheets-value=\"{\"1\":2,\"2\":\"Calzoncillo boxer con abertura frontal y ligeramente m\u00e1s largo que otros boxers Hanro. Tejido con algod\u00f3n mercerizado, este calzoncillo es de una suavidad extraordianria. Sin costuras en los lados, se ajusta c\u00f3modamente al cuerpo. \"}\" data-sheets-userformat=\"{\"2\":957,\"3\":{\"1\":0},\"5\":{\"1\":[{\"1\":2,\"2\":0,\"5\":{\"1\":2,\"2\":0}},{\"1\":0,\"2\":0,\"3\":3},{\"1\":1,\"2\":0,\"4\":1}]},\"6\":{\"1\":[{\"1\":2,\"2\":0,\"5\":{\"1\":2,\"2\":0}},{\"1\":0,\"2\":0,\"3\":3},{\"1\":1,\"2\":0,\"4\":1}]},\"7\":{\"1\":[{\"1\":2,\"2\":0,\"5\":{\"1\":2,\"2\":0}},{\"1\":0,\"2\":0,\"3\":3},{\"1\":1,\"2\":0,\"4\":1}]},\"8\":{\"1\":[{\"1\":2,\"2\":0,\"5\":{\"1\":2,\"2\":0}},{\"1\":0,\"2\":0,\"3\":3},{\"1\":1,\"2\":0,\"4\":1}]},\"10\":1,\"11\":4,\"12\":0}\">Cal\u00e7otet boxer amb obertura frontal i lleugerament m\u00e9s llarg que altres boxers Hanro. Teixit amb cot\u00f3 merceritzat, aquest cal\u00e7otet \u00e9s d&#8217;una suavitat extraordianria. Sense costures als costats, s&#8217;ajusta c\u00f2modament al cos.  <\/span><\/p>\n","protected":false},"excerpt":{"rendered":"<p><span data-sheets-value=\"{\"1\":2,\"2\":\"Boxer largo de algod\u00f3n Cotton Pure de Hanro\"}\" data-sheets-userformat=\"{\"2\":15233,\"3\":{\"1\":0},\"10\":1,\"11\":4,\"12\":0,\"14\":{\"1\":2,\"2\":0},\"15\":\"Calibri\",\"16\":11}\" data-sheets-textstyleruns=\"[null,0,{\"5\":1}]\uee10{\"1\":11}\">Boxer llarg de cot\u00f3 Cotton Pure de Hanro<\/span><\/p>\n","protected":false},"featured_media":3623,"comment_status":"open","ping_status":"closed","template":"","meta":{"_monsterinsights_skip_tracking":false,"_monsterinsights_sitenote_active":false,"_monsterinsights_sitenote_note":"","_monsterinsights_sitenote_category":0},"product_cat":[1478,1484],"product_tag":[1894,1876,1889],"class_list":{"0":"post-8712","1":"product","2":"type-product","3":"status-publish","4":"has-post-thumbnail","6":"product_brand-hanro","7":"product_cat-boxer-home","8":"product_cat-roba-interior-home","9":"product_tag-boxer-llarg","10":"product_tag-coto","11":"product_tag-hanro-ca","13":"first","14":"instock","15":"shipping-taxable","16":"purchasable","17":"product-type-variable"},"aioseo_notices":[],"_links":{"self":[{"href":"https:\/\/goromenstore.com\/ca\/wp-json\/wp\/v2\/product\/8712","targetHints":{"allow":["GET"]}}],"collection":[{"href":"https:\/\/goromenstore.com\/ca\/wp-json\/wp\/v2\/product"}],"about":[{"href":"https:\/\/goromenstore.com\/ca\/wp-json\/wp\/v2\/types\/product"}],"replies":[{"embeddable":true,"href":"https:\/\/goromenstore.com\/ca\/wp-json\/wp\/v2\/comments?post=8712"}],"wp:featuredmedia":[{"embeddable":true,"href":"https:\/\/goromenstore.com\/ca\/wp-json\/wp\/v2\/media\/3623"}],"wp:attachment":[{"href":"https:\/\/goromenstore.com\/ca\/wp-json\/wp\/v2\/media?parent=8712"}],"wp:term":[{"taxonomy":"product_cat","embeddable":true,"href":"https:\/\/goromenstore.com\/ca\/wp-json\/wp\/v2\/product_cat?post=8712"},{"taxonomy":"product_tag","embeddable":true,"href":"https:\/\/goromenstore.com\/ca\/wp-json\/wp\/v2\/product_tag?post=8712"}],"curies":[{"name":"wp","href":"https:\/\/api.w.org\/{rel}","templated":true}]}}