{"id":8705,"date":"2021-04-26T15:11:10","date_gmt":"2025-01-27T14:16:20","guid":{"rendered":"https:\/\/goromenstore.com\/pijama-llarg-comfort\/"},"modified":"2025-01-27T15:16:20","modified_gmt":"2025-01-27T14:16:20","slug":"pijama-llarg-comfort","status":"publish","type":"product","link":"https:\/\/goromenstore.com\/ca\/producte\/pijama-llarg-comfort\/","title":{"rendered":"Pijama llarg Comfort"},"content":{"rendered":"<p><span data-sheets-value=\"{\"1\":2,\"2\":\"Pijama largo Comfort de algod\u00f3n HOM. Conjunto de pantal\u00f3n largo con bolsillos y camiseta de manga larga con el cuello redondo y bolsillo en el pecho, est\u00e1 fabricado con algod\u00f3n de alta calidad para proporcionar el m\u00e1ximo comfort y suavidad a la hora de dormir y de descansar en casa. \"}\" data-sheets-userformat=\"{\"2\":15297,\"3\":{\"1\":0},\"9\":0,\"10\":1,\"11\":4,\"12\":0,\"14\":{\"1\":2,\"2\":0},\"15\":\"Calibri\",\"16\":11}\">Pijama llarg Comfort de cot\u00f3 HOM. Conjunt de pantalons llargs amb butxaques i samarreta de m\u00e0niga llarga amb el coll rod\u00f3 i butxaca al pit, est\u00e0 fabricat amb cot\u00f3 d&#8217;alta qualitat per proporcionar el m\u00e0xim confort i suavitat a l&#8217;hora de dormir i de descansar a casa.  <\/span><\/p>\n","protected":false},"excerpt":{"rendered":"<p><span data-sheets-value=\"{\"1\":2,\"2\":\"Pijama largo Comfort de HOM\"}\" data-sheets-userformat=\"{\"2\":15233,\"3\":{\"1\":0},\"10\":1,\"11\":4,\"12\":0,\"14\":{\"1\":2,\"2\":0},\"15\":\"Calibri\",\"16\":11}\" data-sheets-textstyleruns=\"{\"1\":0,\"2\":{\"5\":1}}\uee10{\"1\":12}\">Pijama llarg Comfort d&#8217;HOM<\/span><\/p>\n","protected":false},"featured_media":0,"comment_status":"open","ping_status":"closed","template":"","meta":{"_monsterinsights_skip_tracking":false,"_monsterinsights_sitenote_active":false,"_monsterinsights_sitenote_note":"","_monsterinsights_sitenote_category":0},"product_cat":[],"product_tag":[],"class_list":{"0":"post-8705","1":"product","2":"type-product","3":"status-publish","5":"product_brand-hom","7":"first","8":"instock","9":"shipping-taxable","10":"purchasable","11":"product-type-variable"},"aioseo_notices":[],"_links":{"self":[{"href":"https:\/\/goromenstore.com\/ca\/wp-json\/wp\/v2\/product\/8705","targetHints":{"allow":["GET"]}}],"collection":[{"href":"https:\/\/goromenstore.com\/ca\/wp-json\/wp\/v2\/product"}],"about":[{"href":"https:\/\/goromenstore.com\/ca\/wp-json\/wp\/v2\/types\/product"}],"replies":[{"embeddable":true,"href":"https:\/\/goromenstore.com\/ca\/wp-json\/wp\/v2\/comments?post=8705"}],"wp:attachment":[{"href":"https:\/\/goromenstore.com\/ca\/wp-json\/wp\/v2\/media?parent=8705"}],"wp:term":[{"taxonomy":"product_cat","embeddable":true,"href":"https:\/\/goromenstore.com\/ca\/wp-json\/wp\/v2\/product_cat?post=8705"},{"taxonomy":"product_tag","embeddable":true,"href":"https:\/\/goromenstore.com\/ca\/wp-json\/wp\/v2\/product_tag?post=8705"}],"curies":[{"name":"wp","href":"https:\/\/api.w.org\/{rel}","templated":true}]}}