{"id":8704,"date":"2021-04-24T09:58:39","date_gmt":"2025-01-27T14:16:20","guid":{"rendered":"https:\/\/goromenstore.com\/slip-ample-hanro-cotton-pure\/"},"modified":"2025-01-27T15:16:20","modified_gmt":"2025-01-27T14:16:20","slug":"slip-ample-hanro-cotton-pure","status":"publish","type":"product","link":"https:\/\/goromenstore.com\/ca\/producte\/slip-ample-hanro-cotton-pure\/","title":{"rendered":"Slip ample Hanro Cotton Pure"},"content":{"rendered":"<p><span data-sheets-value=\"{\"1\":2,\"2\":\"Calzoncillo slip ancho con abertura forntal Hanro. De la colecci\u00f3n Cotton Pure, est\u00e1 tejido con algod\u00f3n mercerizado y sin costuras, proporcionando una suavidad destacable para la mayor comodidad en el d\u00eda a d\u00eda. Cinta el\u00e1stica en la cintura y en los acabados de las piernas para una mejor sujeci\u00f3n. \"}\" data-sheets-userformat=\"{\"2\":957,\"3\":{\"1\":0},\"5\":{\"1\":[{\"1\":2,\"2\":0,\"5\":{\"1\":2,\"2\":0}},{\"1\":0,\"2\":0,\"3\":3},{\"1\":1,\"2\":0,\"4\":1}]},\"6\":{\"1\":[{\"1\":2,\"2\":0,\"5\":{\"1\":2,\"2\":0}},{\"1\":0,\"2\":0,\"3\":3},{\"1\":1,\"2\":0,\"4\":1}]},\"7\":{\"1\":[{\"1\":2,\"2\":0,\"5\":{\"1\":2,\"2\":0}},{\"1\":0,\"2\":0,\"3\":3},{\"1\":1,\"2\":0,\"4\":1}]},\"8\":{\"1\":[{\"1\":2,\"2\":0,\"5\":{\"1\":2,\"2\":0}},{\"1\":0,\"2\":0,\"3\":3},{\"1\":1,\"2\":0,\"4\":1}]},\"10\":1,\"11\":4,\"12\":0}\">Cal\u00e7otet slip ample amb obertura forntal Hanro. De la col\u00b7lecci\u00f3 Cotton Pure, est\u00e0 teixit amb cot\u00f3 merceritzat i sense costures, proporcionant una suavitat destacable per a la major comoditat al dia a dia. Cinta el\u00e0stica a la cintura i als acabats de les cames per a una millor subjecci\u00f3.  <\/span><\/p>\n","protected":false},"excerpt":{"rendered":"<p><span data-sheets-value=\"{\"1\":2,\"2\":\"Calzoncillo slip ancho Cotton Pure de Hanro\"}\" data-sheets-userformat=\"{\"2\":15233,\"3\":{\"1\":0},\"10\":1,\"11\":4,\"12\":0,\"14\":{\"1\":2,\"2\":0},\"15\":\"Calibri\",\"16\":11}\" data-sheets-textstyleruns=\"{\"1\":0}\uee10{\"1\":12,\"2\":{\"5\":1}}\uee10{\"1\":22}\">Cal\u00e7otet slip ample Cotton Pure d&#8217;Hanro<\/span><\/p>\n","protected":false},"featured_media":3629,"comment_status":"open","ping_status":"closed","template":"","meta":{"_monsterinsights_skip_tracking":false,"_monsterinsights_sitenote_active":false,"_monsterinsights_sitenote_note":"","_monsterinsights_sitenote_category":0},"product_cat":[1484,1485],"product_tag":[1893,1886,1890,1887,1889,1868],"class_list":{"0":"post-8704","1":"product","2":"type-product","3":"status-publish","4":"has-post-thumbnail","6":"product_brand-hanro","7":"product_cat-roba-interior-home","8":"product_cat-slip-home","9":"product_tag-ample","10":"product_tag-calcotet","11":"product_tag-cotton-pure-ca","12":"product_tag-eslip","13":"product_tag-hanro-ca","14":"product_tag-home","16":"first","17":"instock","18":"shipping-taxable","19":"purchasable","20":"product-type-variable"},"aioseo_notices":[],"_links":{"self":[{"href":"https:\/\/goromenstore.com\/ca\/wp-json\/wp\/v2\/product\/8704","targetHints":{"allow":["GET"]}}],"collection":[{"href":"https:\/\/goromenstore.com\/ca\/wp-json\/wp\/v2\/product"}],"about":[{"href":"https:\/\/goromenstore.com\/ca\/wp-json\/wp\/v2\/types\/product"}],"replies":[{"embeddable":true,"href":"https:\/\/goromenstore.com\/ca\/wp-json\/wp\/v2\/comments?post=8704"}],"wp:featuredmedia":[{"embeddable":true,"href":"https:\/\/goromenstore.com\/ca\/wp-json\/wp\/v2\/media\/3629"}],"wp:attachment":[{"href":"https:\/\/goromenstore.com\/ca\/wp-json\/wp\/v2\/media?parent=8704"}],"wp:term":[{"taxonomy":"product_cat","embeddable":true,"href":"https:\/\/goromenstore.com\/ca\/wp-json\/wp\/v2\/product_cat?post=8704"},{"taxonomy":"product_tag","embeddable":true,"href":"https:\/\/goromenstore.com\/ca\/wp-json\/wp\/v2\/product_tag?post=8704"}],"curies":[{"name":"wp","href":"https:\/\/api.w.org\/{rel}","templated":true}]}}