{"id":8686,"date":"2021-04-24T10:53:29","date_gmt":"2025-01-27T14:16:18","guid":{"rendered":"https:\/\/goromenstore.com\/samarreta-sense-manigues-cotton-pure-hanro\/"},"modified":"2025-01-27T15:16:18","modified_gmt":"2025-01-27T14:16:18","slug":"samarreta-sense-manigues-cotton-pure-hanro","status":"publish","type":"product","link":"https:\/\/goromenstore.com\/ca\/producte\/samarreta-sense-manigues-cotton-pure-hanro\/","title":{"rendered":"Samarreta sense m\u00e0nigues cotton pure Hanro"},"content":{"rendered":"<p><span data-sheets-value=\"{\"1\":2,\"2\":\"Camiseta de algod\u00f3n mercerizado sin mangas de cuello redondo y tirantes anchos Hanro. Sin costuras para mayor comfort y con una longitud de hasta por debajo de la cintura. Su tejido circular hace que quede ligeramente ce\u00f1ida al cuerpo. \"}\" data-sheets-userformat=\"{\"2\":957,\"3\":{\"1\":0},\"5\":{\"1\":[{\"1\":2,\"2\":0,\"5\":{\"1\":2,\"2\":0}},{\"1\":0,\"2\":0,\"3\":3},{\"1\":1,\"2\":0,\"4\":1}]},\"6\":{\"1\":[{\"1\":2,\"2\":0,\"5\":{\"1\":2,\"2\":0}},{\"1\":0,\"2\":0,\"3\":3},{\"1\":1,\"2\":0,\"4\":1}]},\"7\":{\"1\":[{\"1\":2,\"2\":0,\"5\":{\"1\":2,\"2\":0}},{\"1\":0,\"2\":0,\"3\":3},{\"1\":1,\"2\":0,\"4\":1}]},\"8\":{\"1\":[{\"1\":2,\"2\":0,\"5\":{\"1\":2,\"2\":0}},{\"1\":0,\"2\":0,\"3\":3},{\"1\":1,\"2\":0,\"4\":1}]},\"10\":1,\"11\":4,\"12\":0}\">Samarreta de cot\u00f3 merceritzat sense m\u00e0nigues de coll rod\u00f3 i tirants amples Hanro. Sense costures per a m\u00e9s confort i amb una longitud de fins i tot per sota de la cintura. El seu teixit circular fa que quedi lleugerament cenyida al cos.  <\/span><\/p>\n","protected":false},"excerpt":{"rendered":"<p>Samarreta sense m\u00e0nigues Cotton Pure de Hanro<\/p>\n","protected":false},"featured_media":3637,"comment_status":"open","ping_status":"closed","template":"","meta":{"_monsterinsights_skip_tracking":false,"_monsterinsights_sitenote_active":false,"_monsterinsights_sitenote_note":"","_monsterinsights_sitenote_category":0},"product_cat":[1484,1486],"product_tag":[1890,1889,1868,1891,1892],"class_list":{"0":"post-8686","1":"product","2":"type-product","3":"status-publish","4":"has-post-thumbnail","6":"product_brand-hanro","7":"product_cat-roba-interior-home","8":"product_cat-samarreta-interior-home","9":"product_tag-cotton-pure-ca","10":"product_tag-hanro-ca","11":"product_tag-home","12":"product_tag-samarreta-sense-manigues","13":"product_tag-tank-top-ca","15":"first","16":"instock","17":"shipping-taxable","18":"purchasable","19":"product-type-variable"},"aioseo_notices":[],"_links":{"self":[{"href":"https:\/\/goromenstore.com\/ca\/wp-json\/wp\/v2\/product\/8686","targetHints":{"allow":["GET"]}}],"collection":[{"href":"https:\/\/goromenstore.com\/ca\/wp-json\/wp\/v2\/product"}],"about":[{"href":"https:\/\/goromenstore.com\/ca\/wp-json\/wp\/v2\/types\/product"}],"replies":[{"embeddable":true,"href":"https:\/\/goromenstore.com\/ca\/wp-json\/wp\/v2\/comments?post=8686"}],"wp:featuredmedia":[{"embeddable":true,"href":"https:\/\/goromenstore.com\/ca\/wp-json\/wp\/v2\/media\/3637"}],"wp:attachment":[{"href":"https:\/\/goromenstore.com\/ca\/wp-json\/wp\/v2\/media?parent=8686"}],"wp:term":[{"taxonomy":"product_cat","embeddable":true,"href":"https:\/\/goromenstore.com\/ca\/wp-json\/wp\/v2\/product_cat?post=8686"},{"taxonomy":"product_tag","embeddable":true,"href":"https:\/\/goromenstore.com\/ca\/wp-json\/wp\/v2\/product_tag?post=8686"}],"curies":[{"name":"wp","href":"https:\/\/api.w.org\/{rel}","templated":true}]}}