{"id":8678,"date":"2021-05-04T17:39:52","date_gmt":"2025-01-27T14:16:17","guid":{"rendered":"https:\/\/goromenstore.com\/hanro-living-t-shirt\/"},"modified":"2025-01-27T15:16:17","modified_gmt":"2025-01-27T14:16:17","slug":"hanro-living-t-shirt","status":"publish","type":"product","link":"https:\/\/goromenstore.com\/ca\/producte\/hanro-living-t-shirt\/","title":{"rendered":"Hanro Living T-Shirt"},"content":{"rendered":"<p><span data-sheets-value=\"{\"1\":2,\"2\":\"Camiseta de algod\u00f3n de manga corta de la serie Living de Hanro. Dise\u00f1o moderno de cuello redondo y 100% algod\u00f3n de punto. Las camisetas Living, disponibles en varios colores, son una prenda b\u00e1sica imprescindible en tu armario para vestir en casa o por fuera. \"}\" data-sheets-userformat=\"{\"2\":15297,\"3\":{\"1\":0},\"9\":0,\"10\":1,\"11\":4,\"12\":0,\"14\":{\"1\":2,\"2\":0},\"15\":\"Calibri\",\"16\":11}\">Samarreta de cot\u00f3 de m\u00e0niga curta de la s\u00e8rie Living de Hanro. Disseny modern de coll rod\u00f3 i 100% cot\u00f3 de punt. Les samarretes Living, disponibles en diversos colors, s\u00f3n una pe\u00e7a b\u00e0sica imprescindible al teu armari per vestir a casa o per fora.  <\/span><\/p>\n","protected":false},"excerpt":{"rendered":"<p><span data-sheets-value=\"{\"1\":2,\"2\":\"Camiseta de algod\u00f3n de manga corta y cuello redondo de la serie Living de Hanro. \"}\" data-sheets-userformat=\"{\"2\":15297,\"3\":{\"1\":0},\"9\":0,\"10\":1,\"11\":4,\"12\":0,\"14\":{\"1\":2,\"2\":0},\"15\":\"Calibri\",\"16\":11}\" data-sheets-textstyleruns=\"{\"1\":0}\uee10{\"1\":23,\"2\":{\"5\":1}}\uee10{\"1\":34}\uee10{\"1\":36,\"2\":{\"5\":1}}\uee10{\"1\":51}\">Samarreta de cot\u00f3 de m\u00e0niga curta i coll rod\u00f3 de la s\u00e8rie Living de Hanro.  <\/span><\/p>\n","protected":false},"featured_media":6576,"comment_status":"open","ping_status":"closed","template":"","meta":{"_monsterinsights_skip_tracking":false,"_monsterinsights_sitenote_active":false,"_monsterinsights_sitenote_note":"","_monsterinsights_sitenote_category":0},"product_cat":[1470,1483],"product_tag":[],"class_list":{"0":"post-8678","1":"product","2":"type-product","3":"status-publish","4":"has-post-thumbnail","6":"product_brand-hanro","7":"product_cat-roba-casual","8":"product_cat-samarretes-home","10":"first","11":"instock","12":"shipping-taxable","13":"purchasable","14":"product-type-variable"},"aioseo_notices":[],"_links":{"self":[{"href":"https:\/\/goromenstore.com\/ca\/wp-json\/wp\/v2\/product\/8678","targetHints":{"allow":["GET"]}}],"collection":[{"href":"https:\/\/goromenstore.com\/ca\/wp-json\/wp\/v2\/product"}],"about":[{"href":"https:\/\/goromenstore.com\/ca\/wp-json\/wp\/v2\/types\/product"}],"replies":[{"embeddable":true,"href":"https:\/\/goromenstore.com\/ca\/wp-json\/wp\/v2\/comments?post=8678"}],"wp:featuredmedia":[{"embeddable":true,"href":"https:\/\/goromenstore.com\/ca\/wp-json\/wp\/v2\/media\/6576"}],"wp:attachment":[{"href":"https:\/\/goromenstore.com\/ca\/wp-json\/wp\/v2\/media?parent=8678"}],"wp:term":[{"taxonomy":"product_cat","embeddable":true,"href":"https:\/\/goromenstore.com\/ca\/wp-json\/wp\/v2\/product_cat?post=8678"},{"taxonomy":"product_tag","embeddable":true,"href":"https:\/\/goromenstore.com\/ca\/wp-json\/wp\/v2\/product_tag?post=8678"}],"curies":[{"name":"wp","href":"https:\/\/api.w.org\/{rel}","templated":true}]}}