{"id":8670,"date":"2021-05-22T17:29:39","date_gmt":"2025-01-27T14:15:52","guid":{"rendered":"https:\/\/goromenstore.com\/bati-llarg-de-coto-hanro\/"},"modified":"2025-01-27T15:15:52","modified_gmt":"2025-01-27T14:15:52","slug":"bati-llarg-de-coto-hanro","status":"publish","type":"product","link":"https:\/\/goromenstore.com\/ca\/producte\/bati-llarg-de-coto-hanro\/","title":{"rendered":"Bat\u00ed llarg de cot\u00f3 Hanro"},"content":{"rendered":"<p>Bata llarga per a home de cot\u00f3 lleuger en color gris fosc.<\/p>\n","protected":false},"excerpt":{"rendered":"<p>Bat\u00ed d&#8217;home Hanro.<\/p>\n","protected":false},"featured_media":4687,"comment_status":"open","ping_status":"closed","template":"","meta":{"_monsterinsights_skip_tracking":false,"_monsterinsights_sitenote_active":false,"_monsterinsights_sitenote_note":"","_monsterinsights_sitenote_category":0},"product_cat":[1476,1403],"product_tag":[1882,1883,1884,1885],"class_list":{"0":"post-8670","1":"product","2":"type-product","3":"status-publish","4":"has-post-thumbnail","6":"product_brand-hanro","7":"product_cat-bates-home","8":"product_cat-homewear-home","9":"product_tag-bata-ca","10":"product_tag-bati","11":"product_tag-casa-ca","12":"product_tag-hospital-ca","14":"first","15":"instock","16":"shipping-taxable","17":"purchasable","18":"product-type-variable"},"aioseo_notices":[],"_links":{"self":[{"href":"https:\/\/goromenstore.com\/ca\/wp-json\/wp\/v2\/product\/8670","targetHints":{"allow":["GET"]}}],"collection":[{"href":"https:\/\/goromenstore.com\/ca\/wp-json\/wp\/v2\/product"}],"about":[{"href":"https:\/\/goromenstore.com\/ca\/wp-json\/wp\/v2\/types\/product"}],"replies":[{"embeddable":true,"href":"https:\/\/goromenstore.com\/ca\/wp-json\/wp\/v2\/comments?post=8670"}],"wp:featuredmedia":[{"embeddable":true,"href":"https:\/\/goromenstore.com\/ca\/wp-json\/wp\/v2\/media\/4687"}],"wp:attachment":[{"href":"https:\/\/goromenstore.com\/ca\/wp-json\/wp\/v2\/media?parent=8670"}],"wp:term":[{"taxonomy":"product_cat","embeddable":true,"href":"https:\/\/goromenstore.com\/ca\/wp-json\/wp\/v2\/product_cat?post=8670"},{"taxonomy":"product_tag","embeddable":true,"href":"https:\/\/goromenstore.com\/ca\/wp-json\/wp\/v2\/product_tag?post=8670"}],"curies":[{"name":"wp","href":"https:\/\/api.w.org\/{rel}","templated":true}]}}