{"id":8663,"date":"2021-08-13T10:08:03","date_gmt":"2025-01-27T14:15:47","guid":{"rendered":"https:\/\/goromenstore.com\/jaqueta-de-xandall-hanro\/"},"modified":"2025-01-27T15:15:47","modified_gmt":"2025-01-27T14:15:47","slug":"jaqueta-de-xandall-hanro","status":"publish","type":"product","link":"https:\/\/goromenstore.com\/ca\/producte\/jaqueta-de-xandall-hanro\/","title":{"rendered":"Jaqueta de xandall Hanro"},"content":{"rendered":"<p><span data-sheets-value=\"{\"1\":2,\"2\":\"Chaqueta de algod\u00f3n French Terry y elastane tipo cardigan con cremallera y bolsillos laterales. Tiene un fino forro interior. Es una prenda suave y lo suficientemente vers\u00e1til como para hacer deporte, estar en casa, teletrabajar o hacer cualquier otra actividad. \"}\" data-sheets-userformat=\"{\"2\":15297,\"3\":{\"1\":0},\"9\":0,\"10\":1,\"11\":4,\"12\":0,\"14\":{\"1\":2,\"2\":0},\"15\":\"Calibri\",\"16\":11}\">Jaqueta de cot\u00f3 French Terry i elast\u00e0 tipus c\u00e0rdigan amb cremallera i butxaques laterals. T\u00e9 un fi folre interior. \u00c9s una pe\u00e7a suau i prou vers\u00e0til com per fer esport, estar a casa, teletreballar o fer qualsevol altra activitat.  <\/span><\/p>\n","protected":false},"excerpt":{"rendered":"<p><span data-sheets-value=\"{\"1\":2,\"2\":\"Chaqueta de algod\u00f3n con cremallera de la serie Leisure de Hanro\"}\" data-sheets-userformat=\"{\"2\":15233,\"3\":{\"1\":0},\"10\":1,\"11\":4,\"12\":0,\"14\":{\"1\":2,\"2\":0},\"15\":\"Calibri\",\"16\":11}\" data-sheets-textstyleruns=\"{\"1\":0}\uee10{\"1\":23,\"2\":{\"5\":1}}\uee10{\"1\":34}\uee10{\"1\":58,\"2\":{\"5\":1}}\">Jaqueta de cot\u00f3 amb cremallera de la s\u00e8rie Leisure de Hanro<\/span><\/p>\n","protected":false},"featured_media":4889,"comment_status":"open","ping_status":"closed","template":"","meta":{"_monsterinsights_skip_tracking":false,"_monsterinsights_sitenote_active":false,"_monsterinsights_sitenote_note":"","_monsterinsights_sitenote_category":0},"product_cat":[1403,1462],"product_tag":[],"class_list":{"0":"post-8663","1":"product","2":"type-product","3":"status-publish","4":"has-post-thumbnail","6":"product_brand-hanro","7":"product_cat-homewear-home","8":"product_cat-xandall","10":"first","11":"instock","12":"shipping-taxable","13":"purchasable","14":"product-type-variable"},"aioseo_notices":[],"_links":{"self":[{"href":"https:\/\/goromenstore.com\/ca\/wp-json\/wp\/v2\/product\/8663","targetHints":{"allow":["GET"]}}],"collection":[{"href":"https:\/\/goromenstore.com\/ca\/wp-json\/wp\/v2\/product"}],"about":[{"href":"https:\/\/goromenstore.com\/ca\/wp-json\/wp\/v2\/types\/product"}],"replies":[{"embeddable":true,"href":"https:\/\/goromenstore.com\/ca\/wp-json\/wp\/v2\/comments?post=8663"}],"wp:featuredmedia":[{"embeddable":true,"href":"https:\/\/goromenstore.com\/ca\/wp-json\/wp\/v2\/media\/4889"}],"wp:attachment":[{"href":"https:\/\/goromenstore.com\/ca\/wp-json\/wp\/v2\/media?parent=8663"}],"wp:term":[{"taxonomy":"product_cat","embeddable":true,"href":"https:\/\/goromenstore.com\/ca\/wp-json\/wp\/v2\/product_cat?post=8663"},{"taxonomy":"product_tag","embeddable":true,"href":"https:\/\/goromenstore.com\/ca\/wp-json\/wp\/v2\/product_tag?post=8663"}],"curies":[{"name":"wp","href":"https:\/\/api.w.org\/{rel}","templated":true}]}}