{"id":8660,"date":"2021-05-06T06:23:19","date_gmt":"2025-01-27T14:15:45","guid":{"rendered":"https:\/\/goromenstore.com\/barnus-hom\/"},"modified":"2025-01-27T15:15:45","modified_gmt":"2025-01-27T14:15:45","slug":"barnus-hom","status":"publish","type":"product","link":"https:\/\/goromenstore.com\/ca\/producte\/barnus-hom\/","title":{"rendered":"Barn\u00fas HOM"},"content":{"rendered":"<p><span data-sheets-value=\"{\"1\":2,\"2\":\"Albornoz largo de algod\u00f3n 100% azul marino con detalle de rayas blancas en el cuello y pu\u00f1os. Tiene c\u00f3modos bolsillos y cintur\u00f3n azul marino. Ideal para relajarse, salir de la ducha y estar con el m\u00e1ximo comfort arropado por el algod\u00f3n de primera calidad de HOM.\"}\" data-sheets-userformat=\"{\"2\":15297,\"3\":{\"1\":0},\"9\":0,\"10\":1,\"11\":4,\"12\":0,\"14\":{\"1\":2,\"2\":0},\"15\":\"Calibri\",\"16\":11}\">Barn\u00fas llarg de cot\u00f3 100% blau mar\u00ed amb detall de ratlles blanques al coll i punys. T\u00e9 c\u00f2modes butxaques i cintur\u00f3 blau mar\u00ed. Ideal per relaxar-se, sortir de la dutxa i estar amb el m\u00e0xim confort abrigallat pel cot\u00f3 de primera qualitat de HOM.<\/span><\/p>\n","protected":false},"excerpt":{"rendered":"<p><span data-sheets-value=\"{\"1\":2,\"2\":\"Albornoz largo de algod\u00f3n azul marino HOM\"}\" data-sheets-userformat=\"{\"2\":15233,\"3\":{\"1\":0},\"10\":1,\"11\":4,\"12\":0,\"14\":{\"1\":2,\"2\":0},\"15\":\"Calibri\",\"16\":11}\" data-sheets-textstyleruns=\"{\"1\":0,\"2\":{\"5\":1}}\uee10{\"1\":14}\">Barn\u00fas llarg de cot\u00f3 blau mar\u00ed HOM<\/span><\/p>\n","protected":false},"featured_media":0,"comment_status":"open","ping_status":"closed","template":"","meta":{"_monsterinsights_skip_tracking":false,"_monsterinsights_sitenote_active":false,"_monsterinsights_sitenote_note":"","_monsterinsights_sitenote_category":0},"product_cat":[1476,1403],"product_tag":[],"class_list":{"0":"post-8660","1":"product","2":"type-product","3":"status-publish","5":"product_brand-hom","6":"product_cat-bates-home","7":"product_cat-homewear-home","9":"first","10":"instock","11":"sale","12":"shipping-taxable","13":"purchasable","14":"product-type-variable"},"aioseo_notices":[],"_links":{"self":[{"href":"https:\/\/goromenstore.com\/ca\/wp-json\/wp\/v2\/product\/8660","targetHints":{"allow":["GET"]}}],"collection":[{"href":"https:\/\/goromenstore.com\/ca\/wp-json\/wp\/v2\/product"}],"about":[{"href":"https:\/\/goromenstore.com\/ca\/wp-json\/wp\/v2\/types\/product"}],"replies":[{"embeddable":true,"href":"https:\/\/goromenstore.com\/ca\/wp-json\/wp\/v2\/comments?post=8660"}],"wp:attachment":[{"href":"https:\/\/goromenstore.com\/ca\/wp-json\/wp\/v2\/media?parent=8660"}],"wp:term":[{"taxonomy":"product_cat","embeddable":true,"href":"https:\/\/goromenstore.com\/ca\/wp-json\/wp\/v2\/product_cat?post=8660"},{"taxonomy":"product_tag","embeddable":true,"href":"https:\/\/goromenstore.com\/ca\/wp-json\/wp\/v2\/product_tag?post=8660"}],"curies":[{"name":"wp","href":"https:\/\/api.w.org\/{rel}","templated":true}]}}