{"id":8638,"date":"2021-12-03T13:42:59","date_gmt":"2025-01-27T14:14:53","guid":{"rendered":"https:\/\/goromenstore.com\/guants-cavallers-pell-i-llana\/"},"modified":"2025-01-27T15:14:53","modified_gmt":"2025-01-27T14:14:53","slug":"guants-cavallers-pell-i-llana","status":"publish","type":"product","link":"https:\/\/goromenstore.com\/ca\/producte\/guants-cavallers-pell-i-llana\/","title":{"rendered":"GUANTS CAVALLERS PELL I LLANA"},"content":{"rendered":"<p>GUANTS PER A HOME DE PELL I SUAU LLANA. LA PART INTERIOR DE LA M\u00c0 T\u00c9 LA PELL PER ASSEGURAR LA RESIST\u00c8NCIA I QUE NO LLIGUIN. SUAUS PER LA PART INTERIOR. PERFECTES PER A MOTORISTES.<\/p>\n","protected":false},"excerpt":{"rendered":"<p>GUANTS PER A CAVALLERS DE PELL I LLANA<\/p>\n","protected":false},"featured_media":5540,"comment_status":"open","ping_status":"closed","template":"","meta":{"_monsterinsights_skip_tracking":false,"_monsterinsights_sitenote_active":false,"_monsterinsights_sitenote_note":"","_monsterinsights_sitenote_category":0},"product_cat":[1394],"product_tag":[1865,1863,1864,1866],"class_list":{"0":"post-8638","1":"product","2":"type-product","3":"status-publish","4":"has-post-thumbnail","6":"product_brand-marco-pascali","7":"product_cat-accessoris","8":"product_tag-comodes","9":"product_tag-nadal","10":"product_tag-pell-i-llana","11":"product_tag-regal-home","13":"first","14":"instock","15":"shipping-taxable","16":"purchasable","17":"product-type-variable"},"aioseo_notices":[],"_links":{"self":[{"href":"https:\/\/goromenstore.com\/ca\/wp-json\/wp\/v2\/product\/8638","targetHints":{"allow":["GET"]}}],"collection":[{"href":"https:\/\/goromenstore.com\/ca\/wp-json\/wp\/v2\/product"}],"about":[{"href":"https:\/\/goromenstore.com\/ca\/wp-json\/wp\/v2\/types\/product"}],"replies":[{"embeddable":true,"href":"https:\/\/goromenstore.com\/ca\/wp-json\/wp\/v2\/comments?post=8638"}],"wp:featuredmedia":[{"embeddable":true,"href":"https:\/\/goromenstore.com\/ca\/wp-json\/wp\/v2\/media\/5540"}],"wp:attachment":[{"href":"https:\/\/goromenstore.com\/ca\/wp-json\/wp\/v2\/media?parent=8638"}],"wp:term":[{"taxonomy":"product_cat","embeddable":true,"href":"https:\/\/goromenstore.com\/ca\/wp-json\/wp\/v2\/product_cat?post=8638"},{"taxonomy":"product_tag","embeddable":true,"href":"https:\/\/goromenstore.com\/ca\/wp-json\/wp\/v2\/product_tag?post=8638"}],"curies":[{"name":"wp","href":"https:\/\/api.w.org\/{rel}","templated":true}]}}