{"id":8635,"date":"2021-11-22T15:43:29","date_gmt":"2025-01-27T14:14:52","guid":{"rendered":"https:\/\/goromenstore.com\/jersei-suau-hanro-per-a-dies-de-fred\/"},"modified":"2025-01-27T15:14:52","modified_gmt":"2025-01-27T14:14:52","slug":"jersei-suau-hanro-per-a-dies-de-fred","status":"publish","type":"product","link":"https:\/\/goromenstore.com\/ca\/producte\/jersei-suau-hanro-per-a-dies-de-fred\/","title":{"rendered":"Jersei suau Hanro per a dies de fred"},"content":{"rendered":"<p>Jersei confortable i gust\u00f3s per dormir i descansar de dia o de nit. Els complements i alternatives per estar a casa o dormir estan de moda i s\u00f3n f\u00e0cils de portar i ofereixen diverses opcions d&#8217;estil. Gran idea per regalar.<\/p>\n","protected":false},"excerpt":{"rendered":"<p>Jersei c\u00f2mode i c\u00e0lid. Alternativa a la cl\u00e0ssica bata<\/p>\n","protected":false},"featured_media":5380,"comment_status":"open","ping_status":"closed","template":"","meta":{"_monsterinsights_skip_tracking":false,"_monsterinsights_sitenote_active":false,"_monsterinsights_sitenote_note":"","_monsterinsights_sitenote_category":0},"product_cat":[1476,1403,1471,1470,1462],"product_tag":[1862,1859,1842],"class_list":{"0":"post-8635","1":"product","2":"type-product","3":"status-publish","4":"has-post-thumbnail","6":"product_brand-hanro","7":"product_cat-bates-home","8":"product_cat-homewear-home","9":"product_cat-jerseis","10":"product_cat-roba-casual","11":"product_cat-xandall","12":"product_tag-calentet","13":"product_tag-comode","14":"product_tag-informal-ca","16":"first","17":"instock","18":"shipping-taxable","19":"purchasable","20":"product-type-variable"},"aioseo_notices":[],"_links":{"self":[{"href":"https:\/\/goromenstore.com\/ca\/wp-json\/wp\/v2\/product\/8635","targetHints":{"allow":["GET"]}}],"collection":[{"href":"https:\/\/goromenstore.com\/ca\/wp-json\/wp\/v2\/product"}],"about":[{"href":"https:\/\/goromenstore.com\/ca\/wp-json\/wp\/v2\/types\/product"}],"replies":[{"embeddable":true,"href":"https:\/\/goromenstore.com\/ca\/wp-json\/wp\/v2\/comments?post=8635"}],"wp:featuredmedia":[{"embeddable":true,"href":"https:\/\/goromenstore.com\/ca\/wp-json\/wp\/v2\/media\/5380"}],"wp:attachment":[{"href":"https:\/\/goromenstore.com\/ca\/wp-json\/wp\/v2\/media?parent=8635"}],"wp:term":[{"taxonomy":"product_cat","embeddable":true,"href":"https:\/\/goromenstore.com\/ca\/wp-json\/wp\/v2\/product_cat?post=8635"},{"taxonomy":"product_tag","embeddable":true,"href":"https:\/\/goromenstore.com\/ca\/wp-json\/wp\/v2\/product_tag?post=8635"}],"curies":[{"name":"wp","href":"https:\/\/api.w.org\/{rel}","templated":true}]}}