{"id":8627,"date":"2021-11-26T18:12:43","date_gmt":"2025-01-27T14:14:49","guid":{"rendered":"https:\/\/goromenstore.com\/pantalo-de-xandal-skiny\/"},"modified":"2025-01-27T15:14:49","modified_gmt":"2025-01-27T14:14:49","slug":"pantalo-de-xandal-skiny","status":"publish","type":"product","link":"https:\/\/goromenstore.com\/ca\/producte\/pantalo-de-xandal-skiny\/","title":{"rendered":"PANTAL\u00d3 DE XANDAL SKINY"},"content":{"rendered":"<p>PANTAL\u00d3 DE COT\u00d3 GRIS CLARIT AMB ACABATS EN BLANC EN TIMBELLS I CINTURA. LOOK JOVE. COMBINABLE AMB SAMARRETA I SUADERA SKINY<\/p>\n","protected":false},"excerpt":{"rendered":"<p>PANTAL\u00d3 XANDAL LOOK JOVE SKINY<\/p>\n","protected":false},"featured_media":5473,"comment_status":"open","ping_status":"closed","template":"","meta":{"_monsterinsights_skip_tracking":false,"_monsterinsights_sitenote_active":false,"_monsterinsights_sitenote_note":"","_monsterinsights_sitenote_category":0},"product_cat":[],"product_tag":[],"class_list":{"0":"post-8627","1":"product","2":"type-product","3":"status-publish","4":"has-post-thumbnail","6":"product_brand-skiny","8":"first","9":"instock","10":"shipping-taxable","11":"purchasable","12":"product-type-variable"},"aioseo_notices":[],"_links":{"self":[{"href":"https:\/\/goromenstore.com\/ca\/wp-json\/wp\/v2\/product\/8627","targetHints":{"allow":["GET"]}}],"collection":[{"href":"https:\/\/goromenstore.com\/ca\/wp-json\/wp\/v2\/product"}],"about":[{"href":"https:\/\/goromenstore.com\/ca\/wp-json\/wp\/v2\/types\/product"}],"replies":[{"embeddable":true,"href":"https:\/\/goromenstore.com\/ca\/wp-json\/wp\/v2\/comments?post=8627"}],"wp:featuredmedia":[{"embeddable":true,"href":"https:\/\/goromenstore.com\/ca\/wp-json\/wp\/v2\/media\/5473"}],"wp:attachment":[{"href":"https:\/\/goromenstore.com\/ca\/wp-json\/wp\/v2\/media?parent=8627"}],"wp:term":[{"taxonomy":"product_cat","embeddable":true,"href":"https:\/\/goromenstore.com\/ca\/wp-json\/wp\/v2\/product_cat?post=8627"},{"taxonomy":"product_tag","embeddable":true,"href":"https:\/\/goromenstore.com\/ca\/wp-json\/wp\/v2\/product_tag?post=8627"}],"curies":[{"name":"wp","href":"https:\/\/api.w.org\/{rel}","templated":true}]}}