{"id":8619,"date":"2022-03-23T13:06:05","date_gmt":"2025-01-27T14:14:47","guid":{"rendered":"https:\/\/goromenstore.com\/pantalons-pijama-llarg\/"},"modified":"2025-01-27T15:14:47","modified_gmt":"2025-01-27T14:14:47","slug":"pantalons-pijama-llarg","status":"publish","type":"product","link":"https:\/\/goromenstore.com\/ca\/producte\/pantalons-pijama-llarg\/","title":{"rendered":"pantalons pijama llarg"},"content":{"rendered":"<div class=\"product attribute short-description\">\n<div class=\"value\">\n<p>&nbsp;<\/p>\n<p><span>El nostre model fa 189 cm i porta una talla M.<\/span><\/p>\n<\/div>\n<\/div>\n<div class=\"product attribute material-composition\">\n<div class=\"value\"><span>100% cot\u00f3<\/span><\/div>\n<\/div>\n<div class=\"product attribute description\">\n<div class=\"value\"><span>Aquests pantalons HANRO per a home de la s\u00e8rie Aurel combinen comoditat amb disseny i brillantor de color. L&#8217;estil de pijama est\u00e0 fet de cot\u00f3 merceritzat que se sent lleuger i c\u00f2mode. L&#8217;enquadernaci\u00f3 del teixit crea un efecte especial amb un patr\u00f3 fi i una textura especial. Per exemple, es crea una gran combinaci\u00f3 de pr\u00eat-\u00e0-porter amb la camisa i la bata Living de la s\u00e8rie.<\/span><\/div>\n<\/div>\n","protected":false},"excerpt":{"rendered":"<ul>\n<li>Pantalons llargs de dormir confeccionats en 100% cot\u00f3<\/li>\n<li>Quadres estructurats amb teixit de roba<\/li>\n<li>Look informal de pijama<\/li>\n<li>Ideal per dormir i descansar a les temperatures d&#8217;estiu.<\/li>\n<\/ul>\n","protected":false},"featured_media":5675,"comment_status":"open","ping_status":"closed","template":"","meta":{"_monsterinsights_skip_tracking":false,"_monsterinsights_sitenote_active":false,"_monsterinsights_sitenote_note":"","_monsterinsights_sitenote_category":0},"product_cat":[1477],"product_tag":[1848,1849,1842,1850],"class_list":{"0":"post-8619","1":"product","2":"type-product","3":"status-publish","4":"has-post-thumbnail","6":"product_brand-hanro","7":"product_cat-pijames-home","8":"product_tag-elegant","9":"product_tag-estiu","10":"product_tag-informal-ca","11":"product_tag-pantalons-comodes-i-fresc","13":"first","14":"instock","15":"shipping-taxable","16":"purchasable","17":"product-type-variable"},"aioseo_notices":[],"_links":{"self":[{"href":"https:\/\/goromenstore.com\/ca\/wp-json\/wp\/v2\/product\/8619","targetHints":{"allow":["GET"]}}],"collection":[{"href":"https:\/\/goromenstore.com\/ca\/wp-json\/wp\/v2\/product"}],"about":[{"href":"https:\/\/goromenstore.com\/ca\/wp-json\/wp\/v2\/types\/product"}],"replies":[{"embeddable":true,"href":"https:\/\/goromenstore.com\/ca\/wp-json\/wp\/v2\/comments?post=8619"}],"wp:featuredmedia":[{"embeddable":true,"href":"https:\/\/goromenstore.com\/ca\/wp-json\/wp\/v2\/media\/5675"}],"wp:attachment":[{"href":"https:\/\/goromenstore.com\/ca\/wp-json\/wp\/v2\/media?parent=8619"}],"wp:term":[{"taxonomy":"product_cat","embeddable":true,"href":"https:\/\/goromenstore.com\/ca\/wp-json\/wp\/v2\/product_cat?post=8619"},{"taxonomy":"product_tag","embeddable":true,"href":"https:\/\/goromenstore.com\/ca\/wp-json\/wp\/v2\/product_tag?post=8619"}],"curies":[{"name":"wp","href":"https:\/\/api.w.org\/{rel}","templated":true}]}}