{"id":8613,"date":"2022-04-04T12:29:39","date_gmt":"2025-01-27T14:14:43","guid":{"rendered":"https:\/\/goromenstore.com\/samarreta-interior-pic-cotton-superior-hanro\/"},"modified":"2025-01-27T15:14:43","modified_gmt":"2025-01-27T14:14:43","slug":"samarreta-interior-pic-cotton-superior-hanro","status":"publish","type":"product","link":"https:\/\/goromenstore.com\/ca\/producte\/samarreta-interior-pic-cotton-superior-hanro\/","title":{"rendered":"samarreta interior pic cotton superior hanro"},"content":{"rendered":"<div class=\"product attribute material-composition\">\n<div class=\"value\">93% cot\u00f3, 7% elast\u00e0<\/div>\n<\/div>\n<div class=\"product attribute description\">\n<div class=\"value\">Vers\u00e0til i sense complicacions: la samarreta HANRO Cotton Superior amb coll de bec est\u00e0 feta de cot\u00f3 egipci Ghiza merceritzat de fibra llarga i un toc d&#8217;elast\u00e0, cosa que garanteix flexibilitat i un ajustament ideal. Aquesta samarreta amb coll en V t\u00e9 un tall una mica m\u00e9s llarg i es pot fer servir sola com a samarreta o com a camisa sota una camisa o su\u00e8ter.<\/div>\n<\/div>\n","protected":false},"excerpt":{"rendered":"<p>Samarreta coll bec tall modern<\/p>\n<p> Barreja de materials de cot\u00f3 merceritzat i un toc d&#8217;elast\u00e0<\/p>\n<p> Vers\u00e0til degut al tall m\u00e9s llarg.<\/p>\n<p> Es pot utilitzar sol o sota una camisa o dessuadora amb caputxa<\/p>\n","protected":false},"featured_media":5761,"comment_status":"open","ping_status":"closed","template":"","meta":{"_monsterinsights_skip_tracking":false,"_monsterinsights_sitenote_active":false,"_monsterinsights_sitenote_note":"","_monsterinsights_sitenote_category":0},"product_cat":[1484,1486],"product_tag":[1844,1846,1847],"class_list":{"0":"post-8613","1":"product","2":"type-product","3":"status-publish","4":"has-post-thumbnail","6":"product_brand-hanro","7":"product_cat-roba-interior-home","8":"product_cat-samarreta-interior-home","9":"product_tag-coto-superior","10":"product_tag-qualitat-per-a-la-pell","11":"product_tag-subjeccio","13":"first","14":"instock","15":"shipping-taxable","16":"purchasable","17":"product-type-variable"},"aioseo_notices":[],"_links":{"self":[{"href":"https:\/\/goromenstore.com\/ca\/wp-json\/wp\/v2\/product\/8613","targetHints":{"allow":["GET"]}}],"collection":[{"href":"https:\/\/goromenstore.com\/ca\/wp-json\/wp\/v2\/product"}],"about":[{"href":"https:\/\/goromenstore.com\/ca\/wp-json\/wp\/v2\/types\/product"}],"replies":[{"embeddable":true,"href":"https:\/\/goromenstore.com\/ca\/wp-json\/wp\/v2\/comments?post=8613"}],"wp:featuredmedia":[{"embeddable":true,"href":"https:\/\/goromenstore.com\/ca\/wp-json\/wp\/v2\/media\/5761"}],"wp:attachment":[{"href":"https:\/\/goromenstore.com\/ca\/wp-json\/wp\/v2\/media?parent=8613"}],"wp:term":[{"taxonomy":"product_cat","embeddable":true,"href":"https:\/\/goromenstore.com\/ca\/wp-json\/wp\/v2\/product_cat?post=8613"},{"taxonomy":"product_tag","embeddable":true,"href":"https:\/\/goromenstore.com\/ca\/wp-json\/wp\/v2\/product_tag?post=8613"}],"curies":[{"name":"wp","href":"https:\/\/api.w.org\/{rel}","templated":true}]}}