{"id":8608,"date":"2022-04-25T17:57:17","date_gmt":"2025-01-27T14:14:16","guid":{"rendered":"https:\/\/goromenstore.com\/bermuda-120-lli\/"},"modified":"2025-01-27T15:14:16","modified_gmt":"2025-01-27T14:14:16","slug":"bermuda-120-lli","status":"publish","type":"product","link":"https:\/\/goromenstore.com\/ca\/producte\/bermuda-120-lli\/","title":{"rendered":"bermuda 120% lli"},"content":{"rendered":"<pre id=\"tw-target-text\" class=\"tw-data-text tw-text-large tw-ta\" dir=\"ltr\" data-placeholder=\"Traducci\u00f3\"><span class=\"Y2IQFc\" lang=\"es\">Lavar a mano o 30\u00b0 en lavadora con un jab\u00f3n delicado, antes de lavar separar siempre las prendas oscuras y de color de las blancas. Lava la prenda del rev\u00e9s y pl\u00e1nchala a baja temperatura.\n\n- Fibra hipoalerg\u00e9nica, apta para personas al\u00e9rgicas\n\n- Tejido termorregulador, fresco y transpirable en verano, aislante en invierno\n\n- Material ecosostenible, reciclable y biodegradable<\/span><\/pre>\n","protected":false},"excerpt":{"rendered":"<p>Bermuda lli 120%. Comoda, fresca, elegant, transpirable.<\/p>\n","protected":false},"featured_media":5985,"comment_status":"open","ping_status":"closed","template":"","meta":{"_monsterinsights_skip_tracking":false,"_monsterinsights_sitenote_active":false,"_monsterinsights_sitenote_note":"","_monsterinsights_sitenote_category":0},"product_cat":[],"product_tag":[],"class_list":{"0":"post-8608","1":"product","2":"type-product","3":"status-publish","4":"has-post-thumbnail","6":"product_brand-120-lino","8":"first","9":"instock","10":"shipping-taxable","11":"purchasable","12":"product-type-variable"},"aioseo_notices":[],"_links":{"self":[{"href":"https:\/\/goromenstore.com\/ca\/wp-json\/wp\/v2\/product\/8608","targetHints":{"allow":["GET"]}}],"collection":[{"href":"https:\/\/goromenstore.com\/ca\/wp-json\/wp\/v2\/product"}],"about":[{"href":"https:\/\/goromenstore.com\/ca\/wp-json\/wp\/v2\/types\/product"}],"replies":[{"embeddable":true,"href":"https:\/\/goromenstore.com\/ca\/wp-json\/wp\/v2\/comments?post=8608"}],"wp:featuredmedia":[{"embeddable":true,"href":"https:\/\/goromenstore.com\/ca\/wp-json\/wp\/v2\/media\/5985"}],"wp:attachment":[{"href":"https:\/\/goromenstore.com\/ca\/wp-json\/wp\/v2\/media?parent=8608"}],"wp:term":[{"taxonomy":"product_cat","embeddable":true,"href":"https:\/\/goromenstore.com\/ca\/wp-json\/wp\/v2\/product_cat?post=8608"},{"taxonomy":"product_tag","embeddable":true,"href":"https:\/\/goromenstore.com\/ca\/wp-json\/wp\/v2\/product_tag?post=8608"}],"curies":[{"name":"wp","href":"https:\/\/api.w.org\/{rel}","templated":true}]}}