{"id":4748,"date":"2021-05-07T08:04:37","date_gmt":"2021-05-07T08:04:37","guid":{"rendered":"https:\/\/goromenstore.com\/cardigan-de-llana-hanro\/"},"modified":"2021-05-27T16:46:26","modified_gmt":"2021-05-27T16:46:26","slug":"cardigan-de-llana-hanro","status":"publish","type":"product","link":"https:\/\/goromenstore.com\/ca\/producte\/cardigan-de-llana-hanro\/","title":{"rendered":"Cardigan de llana Hanro"},"content":{"rendered":"<p>C\u00e0rdigan de llana de primera qualitat amb cremallera molt abrigat i suau Hanro. Perfecte pels dies de fred. Sent el comfort de la llana extra fina i un punt d&#8217;elast\u00e0 d&#8217;aquest jersei amb el que podr\u00e0s abrigar-te i estar c\u00f2mode a casa i pel carrer. <\/p>\n","protected":false},"excerpt":{"rendered":"<p>C\u00e0rdigan de llana amb cremallera supuer suau i elegant Hanro<\/p>\n","protected":false},"featured_media":0,"comment_status":"open","ping_status":"closed","template":"","meta":{"_monsterinsights_skip_tracking":false,"_monsterinsights_sitenote_active":false,"_monsterinsights_sitenote_note":"","_monsterinsights_sitenote_category":0},"product_cat":[1471,1470],"product_tag":[],"class_list":{"0":"post-4748","1":"product","2":"type-product","3":"status-publish","5":"product_brand-hanro","6":"product_cat-jerseis","7":"product_cat-roba-casual","9":"first","10":"instock","11":"sale","12":"shipping-taxable","13":"purchasable","14":"product-type-variable"},"aioseo_notices":[],"_links":{"self":[{"href":"https:\/\/goromenstore.com\/ca\/wp-json\/wp\/v2\/product\/4748","targetHints":{"allow":["GET"]}}],"collection":[{"href":"https:\/\/goromenstore.com\/ca\/wp-json\/wp\/v2\/product"}],"about":[{"href":"https:\/\/goromenstore.com\/ca\/wp-json\/wp\/v2\/types\/product"}],"replies":[{"embeddable":true,"href":"https:\/\/goromenstore.com\/ca\/wp-json\/wp\/v2\/comments?post=4748"}],"wp:attachment":[{"href":"https:\/\/goromenstore.com\/ca\/wp-json\/wp\/v2\/media?parent=4748"}],"wp:term":[{"taxonomy":"product_cat","embeddable":true,"href":"https:\/\/goromenstore.com\/ca\/wp-json\/wp\/v2\/product_cat?post=4748"},{"taxonomy":"product_tag","embeddable":true,"href":"https:\/\/goromenstore.com\/ca\/wp-json\/wp\/v2\/product_tag?post=4748"}],"curies":[{"name":"wp","href":"https:\/\/api.w.org\/{rel}","templated":true}]}}