{"id":10460,"date":"2026-03-03T13:46:47","date_gmt":"2026-03-03T12:46:47","guid":{"rendered":"https:\/\/goromenstore.com\/boxer-casual-de-hanro\/"},"modified":"2026-03-03T13:50:21","modified_gmt":"2026-03-03T12:50:21","slug":"boxer-casual-de-hanro","status":"publish","type":"product","link":"https:\/\/goromenstore.com\/ca\/producte\/boxer-casual-de-hanro\/","title":{"rendered":"B\u00f2xer casual de HANRO"},"content":{"rendered":"<p>Hanro \u00e9s una marca de roba interior premium d&#8217;origen su\u00eds, reconeguda pel seu enfocament a la qualitat, la comoditat i l&#8217;eleg\u00e0ncia. Fundada el 1884, Hanro s&#8217;ha destacat per utilitzar materials d&#8217;alta gamma com cot\u00f3, modal i llana merino, cosa que proporciona una sensaci\u00f3 suau i luxosa. El seu disseny \u00e9s minimalista, amb atenci\u00f3 al detall i una confecci\u00f3 impecable, cosa que la converteix en una opci\u00f3 popular entre els homes que busquen roba interior duradora i sofisticada. <\/p>\n<ul>\n<li class=\"title\">95 % viscosa, 5 % elast\u00e0<\/li>\n<\/ul>\n","protected":false},"excerpt":{"rendered":"<ul class=\"metafield-single_line_text_field-array\">\n<li class=\"metafield-single_line_text_field\">C\u00f2mode b\u00f2xer mascul\u00ed de viscosa suau i el\u00e0stica<\/li>\n<li class=\"metafield-single_line_text_field\">Tacte agradable, bonica caiguda i delicada amb la pell<\/li>\n<li class=\"metafield-single_line_text_field\">Bot\u00f3 a la part davantera y cintura recoberta de tela<\/li>\n<li class=\"metafield-single_line_text_field\">Material de qualitat de f\u00e0cil cura i de producci\u00f3 pr\u00f2pia amb alta absorsci\u00f3 de la humitat.<\/li>\n<li class=\"metafield-single_line_text_field\">Per al dia, la nit i durant l&#8217;esport<\/li>\n<\/ul>\n","protected":false},"featured_media":10448,"comment_status":"open","ping_status":"closed","template":"","meta":{"_monsterinsights_skip_tracking":false,"_monsterinsights_sitenote_active":false,"_monsterinsights_sitenote_note":"","_monsterinsights_sitenote_category":0},"product_cat":[1478,1484],"product_tag":[],"class_list":{"0":"post-10460","1":"product","2":"type-product","3":"status-publish","4":"has-post-thumbnail","6":"product_cat-boxer-home","7":"product_cat-roba-interior-home","9":"first","10":"instock","11":"shipping-taxable","12":"purchasable","13":"product-type-variable"},"aioseo_notices":[],"_links":{"self":[{"href":"https:\/\/goromenstore.com\/ca\/wp-json\/wp\/v2\/product\/10460","targetHints":{"allow":["GET"]}}],"collection":[{"href":"https:\/\/goromenstore.com\/ca\/wp-json\/wp\/v2\/product"}],"about":[{"href":"https:\/\/goromenstore.com\/ca\/wp-json\/wp\/v2\/types\/product"}],"replies":[{"embeddable":true,"href":"https:\/\/goromenstore.com\/ca\/wp-json\/wp\/v2\/comments?post=10460"}],"wp:featuredmedia":[{"embeddable":true,"href":"https:\/\/goromenstore.com\/ca\/wp-json\/wp\/v2\/media\/10448"}],"wp:attachment":[{"href":"https:\/\/goromenstore.com\/ca\/wp-json\/wp\/v2\/media?parent=10460"}],"wp:term":[{"taxonomy":"product_cat","embeddable":true,"href":"https:\/\/goromenstore.com\/ca\/wp-json\/wp\/v2\/product_cat?post=10460"},{"taxonomy":"product_tag","embeddable":true,"href":"https:\/\/goromenstore.com\/ca\/wp-json\/wp\/v2\/product_tag?post=10460"}],"curies":[{"name":"wp","href":"https:\/\/api.w.org\/{rel}","templated":true}]}}