{"id":8606,"date":"2025-01-27T15:07:34","date_gmt":"2025-01-27T14:07:34","guid":{"rendered":"https:\/\/goromenstore.com\/preguntes-frequents\/"},"modified":"2025-01-27T15:07:34","modified_gmt":"2025-01-27T14:07:34","slug":"preguntes-frequents","status":"publish","type":"page","link":"https:\/\/goromenstore.com\/ca\/preguntes-frequents\/","title":{"rendered":"preguntes freq\u00fcents"},"content":{"rendered":"<p><strong>A QUINS PA\u00cfSOS FEU ENVIAMENTS?<\/strong><br \/>A la Pen\u00ednsula Ib\u00e8rica (Espanya, Portugal) i a les Illes Balears. No fem enviaments a les Illes Can\u00e0ries.<\/p>\n<p><strong>ELS PREUS EN L\u00cdNIA I A LA BOTIGA S\u00d3N DIFERENTS?<\/strong><br \/>No, els preus en l\u00ednia i els de botiga s\u00f3n els mateixos.<\/p>\n<p><strong>PUC OBTENIR UNA FACTURA A NOM DE LA MEVA EMPRESA?<\/strong><br \/>S\u00ed, nom\u00e9s has d\u2019enviar un correu a <a rel=\"noopener\">info@janinalingerie.com<\/a> amb el teu n\u00famero de comanda i les dades per fer la factura. Te l\u2019enviarem al mateix correu que ens hagis facilitat.<\/p>\n<p><strong>PER QU\u00c8 LA MEVA COMANDA HA ESTAT CANCEL\u00b7LADA?<\/strong><br \/>\u00c9s possible que els articles que vas demanar ja no estiguin disponibles. Si un article de la teva comanda no est\u00e0 disponible, t\u2019ho comunicarem en les properes 24\/48 hores.<\/p>\n<p><strong>JANINA LINGERIE \u00c9S RESPONSABLE DELS PAQUETS PERDUTS?<\/strong><br \/>Si el teu paquet es perd durant el transport, farem tot el possible per ajudar-te. No obstant aix\u00f2, no som responsables dels paquets un cop es genera la prova de lliurament. Un cop els transportistes hagin rebut el paquet, no podem ser responsables dels articles lliurats que s\u2019hagin perdut o hagin estat robats.<\/p>\n<p><strong>QU\u00c8 PASSA SI EL MEU ARTICLE EST\u00c0 DANYAT, DEFECTU\u00d3S O INCORRECTE?<\/strong><br \/>Sentim molt les mol\u00e8sties! Envia\u2019ns un correu electr\u00f2nic amb el teu n\u00famero de comanda a <a rel=\"noopener\">info@janinalingerie.com<\/a> i inclou una imatge del producte danyat o incorrecte. Ens assegurarem d\u2019atendre\u2019t i procedirem a la reposici\u00f3.<\/p>\n<p><strong>SI FAIG UNA DEVOLUCI\u00d3, EM TORNEN ELS DINERS?<\/strong><br \/>No, nom\u00e9s en el cas que la pe\u00e7a estigui defectuosa i no sigui culpa de l\u2019empresa de transport. En els altres casos, se\u2019t donar\u00e0 una targeta amb el valor del teu producte per comprar a les nostres botigues.<\/p>\n<p><strong>PUC TORNAR O CANVIAR LA MEVA COMANDA QUE HE COMPRAT EN L\u00cdNIA EN QUALSEVOL BOTIGA DE JANINA LINGERIE?<\/strong><br \/>S\u00ed.<\/p>\n<p><strong>QUIN \u00c9S EL TERMINI M\u00c0XIM PER PODER FER UNA DEVOLUCI\u00d3?<\/strong><br \/>30 dies despr\u00e9s de la compra.<\/p>\n<p><strong>QUANT DE TEMPS ES TARDA A PROCESSAR LA MEVA DEVOLUCI\u00d3?<\/strong><br \/>Un cop h\u00e0gim rebut, inspeccionat i aprovat la teva devoluci\u00f3, el reemborsament ser\u00e0 processat en un termini de 7 dies h\u00e0bils. Se\u2019t notificar\u00e0 per correu electr\u00f2nic a l\u2019adre\u00e7a que apareix al teu compte quan aquesta transacci\u00f3 s\u2019hagi realitzat.<\/p>\n<p>Tingues en compte que la teva entitat banc\u00e0ria pot requerir dies addicionals per processar i registrar aquesta transacci\u00f3 al teu compte un cop hagin rebut la informaci\u00f3 de nosaltres.<\/p>\n<p><strong>NO ESTIC SEGUR\/A AMB LA TALLA\u2026<\/strong><br \/>Per garantir el millor ajust, recomanem consultar la guia de talles. All\u00e0 hi incloem mesures per a cada talla, notes d\u2019ajust i informaci\u00f3 sobre la talla del model. Si necessites m\u00e9s ajuda, posa\u2019t en contacte amb el nostre equip d\u2019atenci\u00f3 al client trucant al 646 60 70 13 o al 93 215 04 84, o envia\u2019ns un correu a <a rel=\"noopener\">info@janinalingerie.com<\/a>.<\/p>\n","protected":false},"excerpt":{"rendered":"<p>A QUINS PA\u00cfSOS FEU ENVIAMENTS?A la Pen\u00ednsula Ib\u00e8rica (Espanya, Portugal) i a les Illes Balears. No fem enviaments a les Illes Can\u00e0ries. ELS PREUS EN L\u00cdNIA I A LA BOTIGA S\u00d3N DIFERENTS?No, els preus en l\u00ednia i els de botiga s\u00f3n els mateixos. PUC OBTENIR UNA FACTURA A NOM DE LA MEVA EMPRESA?S\u00ed, nom\u00e9s has [&hellip;]<\/p>\n","protected":false},"author":1,"featured_media":0,"parent":0,"menu_order":8,"comment_status":"closed","ping_status":"closed","template":"","meta":{"_monsterinsights_skip_tracking":false,"_monsterinsights_sitenote_active":false,"_monsterinsights_sitenote_note":"","_monsterinsights_sitenote_category":0,"footnotes":""},"class_list":["post-8606","page","type-page","status-publish","hentry"],"aioseo_notices":[],"_links":{"self":[{"href":"https:\/\/goromenstore.com\/ca\/wp-json\/wp\/v2\/pages\/8606","targetHints":{"allow":["GET"]}}],"collection":[{"href":"https:\/\/goromenstore.com\/ca\/wp-json\/wp\/v2\/pages"}],"about":[{"href":"https:\/\/goromenstore.com\/ca\/wp-json\/wp\/v2\/types\/page"}],"author":[{"embeddable":true,"href":"https:\/\/goromenstore.com\/ca\/wp-json\/wp\/v2\/users\/1"}],"replies":[{"embeddable":true,"href":"https:\/\/goromenstore.com\/ca\/wp-json\/wp\/v2\/comments?post=8606"}],"version-history":[{"count":0,"href":"https:\/\/goromenstore.com\/ca\/wp-json\/wp\/v2\/pages\/8606\/revisions"}],"wp:attachment":[{"href":"https:\/\/goromenstore.com\/ca\/wp-json\/wp\/v2\/media?parent=8606"}],"curies":[{"name":"wp","href":"https:\/\/api.w.org\/{rel}","templated":true}]}}