{"id":8605,"date":"2025-01-27T15:05:42","date_gmt":"2025-01-27T14:05:42","guid":{"rendered":"https:\/\/goromenstore.com\/politica-de-cookies\/"},"modified":"2025-01-27T15:05:42","modified_gmt":"2025-01-27T14:05:42","slug":"politica-de-cookies","status":"publish","type":"page","link":"https:\/\/goromenstore.com\/ca\/politica-de-cookies\/","title":{"rendered":"Pol\u00edtica de cookies"},"content":{"rendered":"<p>Una cookie \u00e9s un fitxer que es descarrega al vostre ordinador en accedir a determinades p\u00e0gines web. Les cookies permeten a una p\u00e0gina web, entre altres coses, emmagatzemar i recuperar informaci\u00f3 sobre els h\u00e0bits de navegaci\u00f3 d\u2019un usuari o del seu dispositiu i, en funci\u00f3 de la informaci\u00f3 que continguin i de la manera en qu\u00e8 s\u2019utilitzi el dispositiu, poden utilitzar-se per recon\u00e8ixer l\u2019usuari. El navegador de l\u2019usuari memoritza cookies al disc dur nom\u00e9s durant la sessi\u00f3 actual, ocupant un espai m\u00ednim de mem\u00f2ria i sense perjudicar l\u2019ordinador. Les cookies no contenen cap mena d\u2019informaci\u00f3 personal espec\u00edfica, i la majoria d\u2019aquestes s\u2019esborren del disc dur en finalitzar la sessi\u00f3 del navegador (les anomenades cookies de sessi\u00f3). La majoria dels navegadors accepten com a est\u00e0ndard les cookies i, amb independ\u00e8ncia d\u2019aquestes, permeten o impedeixen en els ajustaments de seguretat les cookies temporals o emmagatzemades.<\/p>\n<p>Sense el vostre consentiment expr\u00e9s \u2013mitjan\u00e7ant l\u2019activaci\u00f3 de les cookies al vostre navegador\u2013, <a href=\"http:\/\/www.janinalingerie.com\" target=\"_new\" rel=\"noopener\" data-mce-href=\"http:\/\/www.janinalingerie.com\">www.janinalingerie.com<\/a> no enlla\u00e7ar\u00e0 a les cookies les dades emmagatzemades amb les vostres dades personals proporcionades en el moment del registre.<\/p>\n<p><strong>Quins tipus de cookies utilitza aquesta p\u00e0gina web?<\/strong><\/p>\n<p>\u2013 <strong>Cookies t\u00e8cniques:<\/strong> S\u00f3n aquelles que permeten a l\u2019usuari la navegaci\u00f3 a trav\u00e9s d\u2019una p\u00e0gina web, plataforma o aplicaci\u00f3 i la utilitzaci\u00f3 de les diferents opcions o serveis que hi existeixin, com ara controlar el tr\u00e0nsit i la comunicaci\u00f3 de dades, identificar la sessi\u00f3, accedir a parts d\u2019acc\u00e9s restringit, recordar els elements que integren una comanda, realitzar el proc\u00e9s de compra d\u2019una comanda, sol\u00b7licitar la inscripci\u00f3 o participaci\u00f3 en un esdeveniment, utilitzar elements de seguretat durant la navegaci\u00f3, emmagatzemar continguts per a la difusi\u00f3 de v\u00eddeos o sons o compartir continguts a trav\u00e9s de xarxes socials.<\/p>\n<p>\u2013 <strong>Cookies de personalitzaci\u00f3:<\/strong> S\u00f3n aquelles que permeten a l\u2019usuari accedir al servei amb algunes caracter\u00edstiques de car\u00e0cter general predefinides en funci\u00f3 d\u2019una s\u00e8rie de criteris al dispositiu de l\u2019usuari, com ara l\u2019idioma, el tipus de navegador a trav\u00e9s del qual accedeix al servei, la configuraci\u00f3 regional des d\u2019on accedeix al servei, etc.<\/p>\n<p>\u2013 <strong>Cookies d\u2019an\u00e0lisi:<\/strong> S\u00f3n aquelles que, ja sigui tractades per nosaltres o per tercers, ens permeten quantificar el nombre d\u2019usuaris i aix\u00ed realitzar la mesura i l\u2019an\u00e0lisi estad\u00edstica de la utilitzaci\u00f3 que fan els usuaris del servei ofert. Per aix\u00f2, s\u2019analitza la navegaci\u00f3 a la nostra p\u00e0gina web amb la finalitat de millorar l\u2019oferta de productes o serveis que oferim.<\/p>\n<p>\u2013 <strong>Cookies publicit\u00e0ries:<\/strong> S\u00f3n aquelles que, ja sigui tractades per nosaltres o per tercers, ens permeten gestionar de la manera m\u00e9s efica\u00e7 possible l\u2019oferta dels espais publicitaris que hi ha a la p\u00e0gina web, adequant el contingut de l\u2019anunci al contingut del servei sol\u00b7licitat o a l\u2019\u00fas que es faci de la nostra p\u00e0gina web. Per a aix\u00f2, podem analitzar els vostres h\u00e0bits de navegaci\u00f3 a Internet i mostrar-vos publicitat relacionada amb el vostre perfil de navegaci\u00f3.<\/p>\n<p>\u2013 <strong>Cookies de publicitat comportamental:<\/strong> S\u00f3n aquelles que permeten la gesti\u00f3, de la manera m\u00e9s efica\u00e7 possible, dels espais publicitaris que, si escau, l\u2019editor hagi incl\u00f2s en una p\u00e0gina web, aplicaci\u00f3 o plataforma des de la qual presta el servei sol\u00b7licitat. Aquestes cookies emmagatzemen informaci\u00f3 sobre el comportament dels usuaris obtinguda a trav\u00e9s de l\u2019observaci\u00f3 continuada dels seus h\u00e0bits de navegaci\u00f3, cosa que permet desenvolupar un perfil espec\u00edfic per mostrar publicitat en funci\u00f3 d\u2019aquest.<\/p>\n<p><strong>Cookies de tercers:<\/strong><br \/>El lloc web <a href=\"http:\/\/www.janinalingerie.com\" target=\"_new\" rel=\"noopener\" data-mce-href=\"http:\/\/www.janinalingerie.com\">www.janinalingerie.com<\/a> utilitza serveis de tercers que, per compte de JANINA LINGERIE, recopilen informaci\u00f3 amb fins estad\u00edstics, d\u2019\u00fas del lloc per part de l\u2019usuari i per a la prestaci\u00f3 d\u2019altres serveis relacionats amb l\u2019activitat del lloc web i altres serveis d\u2019Internet.<\/p>\n<p>En particular, aquest lloc web utilitza Google Analytics, un servei d\u2019an\u00e0lisi web prestat per Google, Inc., amb domicili als Estats Units i seu central a 1600 Amphitheatre Parkway, Mountain View, Calif\u00f2rnia 94043. Per a la prestaci\u00f3 d\u2019aquests serveis, utilitzen cookies que recopilen informaci\u00f3, inclosa l\u2019adre\u00e7a IP de l\u2019usuari, que ser\u00e0 transmesa, tractada i emmagatzemada per Google en els termes fixats a la web Google.com, incloent-hi la possible transmissi\u00f3 d\u2019aquesta informaci\u00f3 a tercers per raons d\u2019exig\u00e8ncia legal o quan aquests tercers processin la informaci\u00f3 per compte de Google.<\/p>\n<p>L\u2019Usuari accepta expressament, per la utilitzaci\u00f3 d\u2019aquest lloc web, el tractament de la informaci\u00f3 recollida de la manera i amb les finalitats esmentades anteriorment. Aix\u00ed mateix, reconeix con\u00e8ixer la possibilitat de rebutjar el tractament d\u2019aquestes dades o informaci\u00f3 rebutjant l\u2019\u00fas de cookies mitjan\u00e7ant la selecci\u00f3 de la configuraci\u00f3 apropiada a tal fi al seu navegador. Si b\u00e9 aquesta opci\u00f3 de bloqueig de cookies al navegador pot no permetre l\u2019\u00fas ple de totes les funcionalitats del lloc web.<\/p>\n<p>Podeu permetre, bloquejar o eliminar les cookies instal\u00b7lades al vostre dispositiu mitjan\u00e7ant la configuraci\u00f3 de les opcions del navegador instal\u00b7lat al vostre ordinador:<\/p>\n<p>\u2022 Chrome<br \/>\u2022 Explorer<br \/>\u2022 Firefox<br \/>\u2022 Safari<\/p>\n<p>Si teniu dubtes sobre aquesta pol\u00edtica de cookies, podeu contactar amb JANINA LINGERIE a <a rel=\"noopener\">info@janinalingerie.com<\/a>.<\/p>\n","protected":false},"excerpt":{"rendered":"<p>Una cookie \u00e9s un fitxer que es descarrega al vostre ordinador en accedir a determinades p\u00e0gines web. Les cookies permeten a una p\u00e0gina web, entre altres coses, emmagatzemar i recuperar informaci\u00f3 sobre els h\u00e0bits de navegaci\u00f3 d\u2019un usuari o del seu dispositiu i, en funci\u00f3 de la informaci\u00f3 que continguin i de la manera en [&hellip;]<\/p>\n","protected":false},"author":1,"featured_media":0,"parent":0,"menu_order":10,"comment_status":"closed","ping_status":"closed","template":"","meta":{"_monsterinsights_skip_tracking":false,"_monsterinsights_sitenote_active":false,"_monsterinsights_sitenote_note":"","_monsterinsights_sitenote_category":0,"footnotes":""},"class_list":["post-8605","page","type-page","status-publish","hentry"],"aioseo_notices":[],"_links":{"self":[{"href":"https:\/\/goromenstore.com\/ca\/wp-json\/wp\/v2\/pages\/8605","targetHints":{"allow":["GET"]}}],"collection":[{"href":"https:\/\/goromenstore.com\/ca\/wp-json\/wp\/v2\/pages"}],"about":[{"href":"https:\/\/goromenstore.com\/ca\/wp-json\/wp\/v2\/types\/page"}],"author":[{"embeddable":true,"href":"https:\/\/goromenstore.com\/ca\/wp-json\/wp\/v2\/users\/1"}],"replies":[{"embeddable":true,"href":"https:\/\/goromenstore.com\/ca\/wp-json\/wp\/v2\/comments?post=8605"}],"version-history":[{"count":0,"href":"https:\/\/goromenstore.com\/ca\/wp-json\/wp\/v2\/pages\/8605\/revisions"}],"wp:attachment":[{"href":"https:\/\/goromenstore.com\/ca\/wp-json\/wp\/v2\/media?parent=8605"}],"curies":[{"name":"wp","href":"https:\/\/api.w.org\/{rel}","templated":true}]}}