{"id":8592,"date":"2025-01-27T14:28:37","date_gmt":"2025-01-27T13:28:37","guid":{"rendered":"https:\/\/goromenstore.com\/avis-legal-i-politica-de-privadesa\/"},"modified":"2025-01-27T14:28:37","modified_gmt":"2025-01-27T13:28:37","slug":"avis-legal-i-politica-de-privadesa","status":"publish","type":"page","link":"https:\/\/goromenstore.com\/ca\/avis-legal-i-politica-de-privadesa\/","title":{"rendered":"Av\u00eds Legal i Pol\u00edtica de privadesa"},"content":{"rendered":"\n<p>En compliment de la Llei 34\/2002 de Serveis de la Societat de la Informaci\u00f3 i del Comer\u00e7 Electr\u00f2nic (LSSICE), us informem que la titularitat del domini de la nostra botiga virtual, https:\/\/www.janinalingerie.com (d&#8217;ara endavant el \u201c Lloc Web\u201d), correspon a la mercantil Cicra S.A., (D&#8217;ara endavant, Cicra S.A.), amb CIF A-58508755 i amb domicili social C\/Rossell\u00f3, 233. 08008 Barcelona; i inscrita al Registre Mercantil de Barcelona TOM. 9165 LLIBRE 8378 Sec. 2a FOLI 128 FULLA 109997. L&#8217;Usuari podr\u00e0 contactar amb Janina Lingerie a trav\u00e9s del correu electr\u00f2nic: info@janinalingerie.com L&#8217;acc\u00e9s i\/o \u00fas al Lloc Web li atribueix la condici\u00f3 d&#8217;Usuari, i implica l&#8217;acceptaci\u00f3, des d&#8217;aquest acc\u00e9s i\/ o \u00fas, del present Av\u00eds Legal.<\/p>\n","protected":false},"excerpt":{"rendered":"<p>En compliment de la Llei 34\/2002 de Serveis de la Societat de la Informaci\u00f3 i del Comer\u00e7 Electr\u00f2nic (LSSICE), us informem que la titularitat del domini de la nostra botiga virtual, https:\/\/www.janinalingerie.com (d&#8217;ara endavant el \u201c Lloc Web\u201d), correspon a la mercantil Cicra S.A., (D&#8217;ara endavant, Cicra S.A.), amb CIF A-58508755 i amb domicili social [&hellip;]<\/p>\n","protected":false},"author":1,"featured_media":0,"parent":0,"menu_order":0,"comment_status":"closed","ping_status":"closed","template":"","meta":{"_monsterinsights_skip_tracking":false,"_monsterinsights_sitenote_active":false,"_monsterinsights_sitenote_note":"","_monsterinsights_sitenote_category":0,"footnotes":""},"class_list":["post-8592","page","type-page","status-publish","hentry"],"aioseo_notices":[],"_links":{"self":[{"href":"https:\/\/goromenstore.com\/ca\/wp-json\/wp\/v2\/pages\/8592","targetHints":{"allow":["GET"]}}],"collection":[{"href":"https:\/\/goromenstore.com\/ca\/wp-json\/wp\/v2\/pages"}],"about":[{"href":"https:\/\/goromenstore.com\/ca\/wp-json\/wp\/v2\/types\/page"}],"author":[{"embeddable":true,"href":"https:\/\/goromenstore.com\/ca\/wp-json\/wp\/v2\/users\/1"}],"replies":[{"embeddable":true,"href":"https:\/\/goromenstore.com\/ca\/wp-json\/wp\/v2\/comments?post=8592"}],"version-history":[{"count":0,"href":"https:\/\/goromenstore.com\/ca\/wp-json\/wp\/v2\/pages\/8592\/revisions"}],"wp:attachment":[{"href":"https:\/\/goromenstore.com\/ca\/wp-json\/wp\/v2\/media?parent=8592"}],"curies":[{"name":"wp","href":"https:\/\/api.w.org\/{rel}","templated":true}]}}