{"id":4644,"date":"2021-05-21T10:47:45","date_gmt":"2021-05-21T10:47:45","guid":{"rendered":"https:\/\/goromenstore.com\/goro\/"},"modified":"2025-01-27T14:32:48","modified_gmt":"2025-01-27T13:32:48","slug":"goro","status":"publish","type":"page","link":"https:\/\/goromenstore.com\/ca\/","title":{"rendered":"Goro"},"content":{"rendered":"<p><a href=\"https:\/\/goromenstore.com\/ca\/about\/\"><br \/>\n\t\t\t\t\t\t\t<img loading=\"lazy\" decoding=\"async\" width=\"333\" height=\"503\" src=\"https:\/\/goromenstore.com\/wp-content\/uploads\/2021\/03\/Goro-Men-Store.jpg\" alt=\"Tienda Goro Men Store\" srcset=\"https:\/\/goromenstore.com\/wp-content\/uploads\/2021\/03\/Goro-Men-Store.jpg 333w, https:\/\/goromenstore.com\/wp-content\/uploads\/2021\/03\/Goro-Men-Store-199x300.jpg 199w\" sizes=\"auto, (max-width: 333px) 100vw, 333px\" \/>\t\t\t\t\t\t\t\t<\/a><br \/>\n\t\t\t\t\t\t\t\t\t\t\t\t\t\t\t\t<a href=\"https:\/\/goromenstore.com\/ca\/homewear-home\/\"><br \/>\n\t\t\t\t\t\t\t<img loading=\"lazy\" decoding=\"async\" width=\"915\" height=\"1433\" src=\"https:\/\/goromenstore.com\/wp-content\/uploads\/2024\/12\/Captura-de-pantalla-2024-12-09-a-las-13.24.50.png\" alt=\"\" srcset=\"https:\/\/goromenstore.com\/wp-content\/uploads\/2024\/12\/Captura-de-pantalla-2024-12-09-a-las-13.24.50.png 915w, https:\/\/goromenstore.com\/wp-content\/uploads\/2024\/12\/Captura-de-pantalla-2024-12-09-a-las-13.24.50-192x300.png 192w, https:\/\/goromenstore.com\/wp-content\/uploads\/2024\/12\/Captura-de-pantalla-2024-12-09-a-las-13.24.50-654x1024.png 654w, https:\/\/goromenstore.com\/wp-content\/uploads\/2024\/12\/Captura-de-pantalla-2024-12-09-a-las-13.24.50-768x1203.png 768w, https:\/\/goromenstore.com\/wp-content\/uploads\/2024\/12\/Captura-de-pantalla-2024-12-09-a-las-13.24.50-600x940.png 600w\" sizes=\"auto, (max-width: 915px) 100vw, 915px\" \/>\t\t\t\t\t\t\t\t<\/a><br \/>\n\t\t\t\t\t\t\t\t\t\t\t\t\t\t\t<img loading=\"lazy\" decoding=\"async\" width=\"800\" height=\"533\" src=\"https:\/\/goromenstore.com\/wp-content\/uploads\/2021\/03\/goro-barcelona-13-1.jpg\" alt=\"\" srcset=\"https:\/\/goromenstore.com\/wp-content\/uploads\/2021\/03\/goro-barcelona-13-1.jpg 800w, https:\/\/goromenstore.com\/wp-content\/uploads\/2021\/03\/goro-barcelona-13-1-300x200.jpg 300w, https:\/\/goromenstore.com\/wp-content\/uploads\/2021\/03\/goro-barcelona-13-1-768x512.jpg 768w, https:\/\/goromenstore.com\/wp-content\/uploads\/2021\/03\/goro-barcelona-13-1-600x400.jpg 600w\" sizes=\"auto, (max-width: 800px) 100vw, 800px\" \/>\t\t\t\t\t\t\t\t\t\t\t\t\t\t\t<\/p>\n<h1>GORO MEN\u2019S STORE<\/h1>\n<h2>Botiga de roba interior per a home<\/h2>\n<p>\t\thttps:\/\/goromenstore.com\/wp-content\/uploads\/2024\/12\/hanro-fall-winter-2024-original-hanro-242-men-daywear-v1_h9ZqIh3T-5.mov<\/p>\n<p>Benvingut a la nostra botiga de roba per a home on trobar\u00e0s des de samarretes interiors d&#8217;home de m\u00e0xima qualitat fins a la m\u00e9s \u00e0mplia col\u00b7lecci\u00f3 de cal\u00e7otets i tota la nova gamma de llenceria d&#8217;home.\n<\/p>\n<p>Comptem amb m\u00e9s de 50 anys d&#8217;experi\u00e8ncia en llenceria femenina i ara, ens fa molta il\u00b7lusi\u00f3 informar-vos que hem obert un nou portal de roba interior masculina, seguint amb la mateixa professionalitat i dedicaci\u00f3 que tenim amb <a href=\"https:\/\/www.janinalingerie.com\/es\/\">Janina Lingerie<\/a>.\u00a0<\/p>\n<p>Disposem d&#8217;una botiga f\u00edsica de roba per a home a Barcelona i treballem amb les marques europees m\u00e9s exclusives com: Hanro, HOM, HOMMERS.. Fes-li una ullada a la web i descobreix-ho tu mateix.\u00a0<\/p>\n<p>Actualitza les teves b\u00e0sics quotidians amb la nostra roba interior masculina de la nostra nova botiga online Goro. Tenim tot tipus de peces amb estampats o b\u00e0sics. Tu tries!<\/p>\n<p>Les nostres marques es fabriquen a Espanya i s&#8217;utilitzen<b>teixits d&#8217;alta qualitat<\/b>. A m\u00e9s, la seva confecci\u00f3 impecable fa que les peces dissenyades siguin duradores i no es facin malb\u00e9 amb el temps.<\/p>\n<p>\t\t\t\t\tNOVETATS\t\t\t\t<\/p>\n<h2>ROBA MASCULINA<\/h2>\n<p>\t\t\t\t\tModernA y de calidad\t\t\t\t<\/p>\n<p>Descobreix l&#8217;\u00faltim en roba interior d&#8217;home d&#8217;aquesta temporada a: <a href=\"https:\/\/goromenstore.com\/ca\/boxer-home\/\">cal\u00e7otets b\u00f2xer<\/a>, <a href=\"https:\/\/goromenstore.com\/slip-goro\/\">cal\u00e7otets slip<\/a> 100% cot\u00f3, <a href=\"https:\/\/goromenstore.com\/ca\/roba-casual\/\">roba casual<\/a>, <a href=\"https:\/\/goromenstore.com\/ca\/roba-casual\/\">pijames d&#8217;home<\/a>, <a href=\"https:\/\/goromenstore.com\/homewear-batas-de-hombre\/\">bates d&#8217;home<\/a>, <a href=\"https:\/\/goromenstore.com\/ca\/banyadors-home-curts\/\">ba\u00f1adores cortos<\/a> o <a href=\"https:\/\/goromenstore.com\/ca\/banyadors-home-slip\/\">slip<\/a>, <a href=\"https:\/\/goromenstore.com\/ca\/accessoris\/\">accesorios<\/a> y mucho m\u00e1s.. Todo lo imprescindible per a la teva comoditat i el teu benestar.<\/p>\n<p>Tria el conjunt de roba interior masculina que m\u00e9s s&#8217;adapti a les teves necessitats i gustos. Si busques comoditat i qualitat en els teixits la trobar\u00e0s a la nostra <b>botiga online Goro<\/b>.\u00a0<\/p>\n<p>\t\t\t\t\t\t\t<a href=\"https:\/\/goromenstore.com\/ca\/accessoris\/\"><\/p>\n<h3>\n\t\t\t\t\t\tAccesoris\t\t\t\t\t<\/h3>\n<p>Tots els accessoris<\/p>\n<p>\t\t\t\t\t\t<\/a><br \/>\n\t\t\t\t\t\t\t<a href=\"https:\/\/goromenstore.com\/ca\/roba-casual\/\"><\/p>\n<h3>\n\t\t\t\t\t\tCASUAL\t\t\t\t\t<\/h3>\n<p>Bermudes, pantalons &#8230;.<\/p>\n<p>\t\t\t\t\t\t<\/a><br \/>\n\t\t\t\t\t\t\t<a href=\"https:\/\/goromenstore.com\/ca\/homewear-home\/\"><\/p>\n<h3>\n\t\t\t\t\t\tHomewear\t\t\t\t\t<\/h3>\n<p>Xandall i pantalons exclusius per a home<\/p>\n<p>\t\t\t\t\t\t<\/a><br \/>\n\t\t\t\t\t\t\t<a href=\"https:\/\/goromenstore.com\/ropa-interior\/\"><\/p>\n<h3>\n\t\t\t\t\t\tROBA interior\t\t\t\t\t<\/h3>\n<p>Boxer, Slips i samarretes exclusius per a home<\/p>\n<p>\t\t\t\t\t\t<\/a><br \/>\n\t\t\t\t\tPRODUCTES EN OFERTA<\/p>\n","protected":false},"excerpt":{"rendered":"<p>GORO MEN\u2019S STORE Botiga de roba interior per a home https:\/\/goromenstore.com\/wp-content\/uploads\/2024\/12\/hanro-fall-winter-2024-original-hanro-242-men-daywear-v1_h9ZqIh3T-5.mov Benvingut a la nostra botiga de roba per a home on trobar\u00e0s des de samarretes interiors d&#8217;home de m\u00e0xima qualitat fins a la m\u00e9s \u00e0mplia col\u00b7lecci\u00f3 de cal\u00e7otets i tota la nova gamma de llenceria d&#8217;home. Comptem amb m\u00e9s de 50 anys d&#8217;experi\u00e8ncia en [&hellip;]<\/p>\n","protected":false},"author":1,"featured_media":10361,"parent":0,"menu_order":0,"comment_status":"closed","ping_status":"closed","template":"elementor_header_footer","meta":{"_monsterinsights_skip_tracking":false,"_monsterinsights_sitenote_active":false,"_monsterinsights_sitenote_note":"","_monsterinsights_sitenote_category":0,"footnotes":""},"class_list":["post-4644","page","type-page","status-publish","has-post-thumbnail","hentry"],"aioseo_notices":[],"_links":{"self":[{"href":"https:\/\/goromenstore.com\/ca\/wp-json\/wp\/v2\/pages\/4644","targetHints":{"allow":["GET"]}}],"collection":[{"href":"https:\/\/goromenstore.com\/ca\/wp-json\/wp\/v2\/pages"}],"about":[{"href":"https:\/\/goromenstore.com\/ca\/wp-json\/wp\/v2\/types\/page"}],"author":[{"embeddable":true,"href":"https:\/\/goromenstore.com\/ca\/wp-json\/wp\/v2\/users\/1"}],"replies":[{"embeddable":true,"href":"https:\/\/goromenstore.com\/ca\/wp-json\/wp\/v2\/comments?post=4644"}],"version-history":[{"count":0,"href":"https:\/\/goromenstore.com\/ca\/wp-json\/wp\/v2\/pages\/4644\/revisions"}],"wp:featuredmedia":[{"embeddable":true,"href":"https:\/\/goromenstore.com\/ca\/wp-json\/wp\/v2\/media\/10361"}],"wp:attachment":[{"href":"https:\/\/goromenstore.com\/ca\/wp-json\/wp\/v2\/media?parent=4644"}],"curies":[{"name":"wp","href":"https:\/\/api.w.org\/{rel}","templated":true}]}}