{"id":4445,"date":"2021-05-17T09:08:53","date_gmt":"2021-05-17T09:08:53","guid":{"rendered":"https:\/\/goromenstore.com\/?page_id=4445"},"modified":"2021-08-17T11:01:01","modified_gmt":"2021-08-17T11:01:01","slug":"about","status":"publish","type":"page","link":"https:\/\/goromenstore.com\/ca\/about\/","title":{"rendered":"About"},"content":{"rendered":"\t\t<div data-elementor-type=\"wp-page\" data-elementor-id=\"4445\" class=\"elementor elementor-4445 elementor-14\" data-elementor-post-type=\"page\">\n\t\t\t\t\t\t<section class=\"elementor-section elementor-top-section elementor-element elementor-element-f8f6af7 elementor-section-boxed elementor-section-height-default elementor-section-height-default\" data-id=\"f8f6af7\" data-element_type=\"section\" data-e-type=\"section\">\n\t\t\t\t\t\t<div class=\"elementor-container elementor-column-gap-default\">\n\t\t\t\t\t<div class=\"elementor-column elementor-col-100 elementor-top-column elementor-element elementor-element-ca4954e\" data-id=\"ca4954e\" data-element_type=\"column\" data-e-type=\"column\">\n\t\t\t<div class=\"elementor-widget-wrap elementor-element-populated\">\n\t\t\t\t\t\t<div class=\"elementor-element elementor-element-a186632 elementor-widget elementor-widget-heading\" data-id=\"a186632\" data-element_type=\"widget\" data-e-type=\"widget\" data-widget_type=\"heading.default\">\n\t\t\t\t<div class=\"elementor-widget-container\">\n\t\t\t\t\t<h1 class=\"elementor-heading-title elementor-size-default\">Qui Som<\/h1>\t\t\t\t<\/div>\n\t\t\t\t<\/div>\n\t\t\t\t<section class=\"elementor-section elementor-inner-section elementor-element elementor-element-906ed1f elementor-section-boxed elementor-section-height-default elementor-section-height-default\" data-id=\"906ed1f\" data-element_type=\"section\" data-e-type=\"section\">\n\t\t\t\t\t\t<div class=\"elementor-container elementor-column-gap-default\">\n\t\t\t\t\t<div class=\"elementor-column elementor-col-50 elementor-inner-column elementor-element elementor-element-169fa24\" data-id=\"169fa24\" data-element_type=\"column\" data-e-type=\"column\">\n\t\t\t<div class=\"elementor-widget-wrap elementor-element-populated\">\n\t\t\t\t\t\t<div class=\"elementor-element elementor-element-8e596e1 elementor-widget elementor-widget-text-editor\" data-id=\"8e596e1\" data-element_type=\"widget\" data-e-type=\"widget\" data-widget_type=\"text-editor.default\">\n\t\t\t\t<div class=\"elementor-widget-container\">\n\t\t\t\t\t\t\t\t\t<p>Comptem amb m\u00e9s de 50 anys d&#8217;experi\u00e8ncia en moda i llenceria femenina. Fa poc hem decidit ampliar el nostre cat\u00e0leg, per aix\u00f2 volem informar-vos que hem obert un nou portal de roba interior masculina amb la nostra botiga online Goro. Ens fa molta il\u00b7lusi\u00f3 informar-vos d&#8217;aquest nou projecte. Seguim amb la mateixa dedicaci\u00f3 i professionalitat que oferim a totes les nostres clientes de la nostra botiga de llenceria femenina de Janina Lingerie.<\/p><p>Comptem tamb\u00e9 amb una botiga f\u00edsica situada a Barcelona i hem volgut ampliar horitzons amb la botiga en l\u00ednia.<\/p>\t\t\t\t\t\t\t\t<\/div>\n\t\t\t\t<\/div>\n\t\t\t\t\t<\/div>\n\t\t<\/div>\n\t\t\t\t<div class=\"elementor-column elementor-col-50 elementor-inner-column elementor-element elementor-element-d651bc9\" data-id=\"d651bc9\" data-element_type=\"column\" data-e-type=\"column\">\n\t\t\t<div class=\"elementor-widget-wrap elementor-element-populated\">\n\t\t\t\t\t\t<div class=\"elementor-element elementor-element-566c441 elementor-widget elementor-widget-image\" data-id=\"566c441\" data-element_type=\"widget\" data-e-type=\"widget\" data-widget_type=\"image.default\">\n\t\t\t\t<div class=\"elementor-widget-container\">\n\t\t\t\t\t\t\t\t\t\t\t\t\t\t\t<img loading=\"lazy\" decoding=\"async\" width=\"800\" height=\"497\" src=\"https:\/\/goromenstore.com\/wp-content\/uploads\/2021\/02\/Goro-1.jpg\" class=\"attachment-large size-large wp-image-4480\" alt=\"\" srcset=\"https:\/\/goromenstore.com\/wp-content\/uploads\/2021\/02\/Goro-1.jpg 810w, https:\/\/goromenstore.com\/wp-content\/uploads\/2021\/02\/Goro-1-300x186.jpg 300w, https:\/\/goromenstore.com\/wp-content\/uploads\/2021\/02\/Goro-1-768x477.jpg 768w, https:\/\/goromenstore.com\/wp-content\/uploads\/2021\/02\/Goro-1-20x12.jpg 20w, https:\/\/goromenstore.com\/wp-content\/uploads\/2021\/02\/Goro-1-600x373.jpg 600w\" sizes=\"auto, (max-width: 800px) 100vw, 800px\" \/>\t\t\t\t\t\t\t\t\t\t\t\t\t\t\t<\/div>\n\t\t\t\t<\/div>\n\t\t\t\t\t<\/div>\n\t\t<\/div>\n\t\t\t\t\t<\/div>\n\t\t<\/section>\n\t\t\t\t\t<\/div>\n\t\t<\/div>\n\t\t\t\t\t<\/div>\n\t\t<\/section>\n\t\t\t\t<section class=\"elementor-section elementor-top-section elementor-element elementor-element-0cb6361 elementor-section-boxed elementor-section-height-default elementor-section-height-default\" data-id=\"0cb6361\" data-element_type=\"section\" data-e-type=\"section\">\n\t\t\t\t\t\t<div class=\"elementor-container elementor-column-gap-default\">\n\t\t\t\t\t<div class=\"elementor-column elementor-col-100 elementor-top-column elementor-element elementor-element-3e01d73\" data-id=\"3e01d73\" data-element_type=\"column\" data-e-type=\"column\">\n\t\t\t<div class=\"elementor-widget-wrap elementor-element-populated\">\n\t\t\t\t\t\t<div class=\"elementor-element elementor-element-ebcdb1d elementor-widget elementor-widget-text-editor\" data-id=\"ebcdb1d\" data-element_type=\"widget\" data-e-type=\"widget\" data-widget_type=\"text-editor.default\">\n\t\t\t\t<div class=\"elementor-widget-container\">\n\t\t\t\t\t\t\t\t\t<p>En Goro treballem nom\u00e9s amb marques exclusives europees d&#8217;alta qualitat i cada vegada s\u00f3n m\u00e9s les persones que confien en elles: Natural luxury, Casall, Hanro, Hom, Homers, Huber, Marc Pascali, Natural World, Skiny, Wolford.<\/p><p>Si vols saber m\u00e9s sobre Goro nom\u00e9s t&#8217;has de posar en contacte amb nosaltres.<\/p>\t\t\t\t\t\t\t\t<\/div>\n\t\t\t\t<\/div>\n\t\t\t\t\t<\/div>\n\t\t<\/div>\n\t\t\t\t\t<\/div>\n\t\t<\/section>\n\t\t\t\t<\/div>\n\t\t","protected":false},"excerpt":{"rendered":"<p>Qui Som Comptem amb m\u00e9s de 50 anys d&#8217;experi\u00e8ncia en moda i llenceria femenina. Fa poc hem decidit ampliar el nostre cat\u00e0leg, per aix\u00f2 volem informar-vos que hem obert un nou portal de roba interior masculina amb la nostra botiga online Goro. Ens fa molta il\u00b7lusi\u00f3 informar-vos d&#8217;aquest nou projecte. Seguim amb la mateixa dedicaci\u00f3 [&hellip;]<\/p>\n","protected":false},"author":1,"featured_media":0,"parent":0,"menu_order":0,"comment_status":"closed","ping_status":"closed","template":"elementor_header_footer","meta":{"_monsterinsights_skip_tracking":false,"_monsterinsights_sitenote_active":false,"_monsterinsights_sitenote_note":"","_monsterinsights_sitenote_category":0,"footnotes":""},"class_list":["post-4445","page","type-page","status-publish","hentry"],"aioseo_notices":[],"_links":{"self":[{"href":"https:\/\/goromenstore.com\/ca\/wp-json\/wp\/v2\/pages\/4445","targetHints":{"allow":["GET"]}}],"collection":[{"href":"https:\/\/goromenstore.com\/ca\/wp-json\/wp\/v2\/pages"}],"about":[{"href":"https:\/\/goromenstore.com\/ca\/wp-json\/wp\/v2\/types\/page"}],"author":[{"embeddable":true,"href":"https:\/\/goromenstore.com\/ca\/wp-json\/wp\/v2\/users\/1"}],"replies":[{"embeddable":true,"href":"https:\/\/goromenstore.com\/ca\/wp-json\/wp\/v2\/comments?post=4445"}],"version-history":[{"count":0,"href":"https:\/\/goromenstore.com\/ca\/wp-json\/wp\/v2\/pages\/4445\/revisions"}],"wp:attachment":[{"href":"https:\/\/goromenstore.com\/ca\/wp-json\/wp\/v2\/media?parent=4445"}],"curies":[{"name":"wp","href":"https:\/\/api.w.org\/{rel}","templated":true}]}}